{"id":18484,"date":"2023-05-13T05:49:24","date_gmt":"2023-05-13T05:49:24","guid":{"rendered":"https:\/\/novomaticclub.com\/?page_id=18484"},"modified":"2025-03-20T21:18:21","modified_gmt":"2025-03-21T02:18:21","slug":"descargas-plataforma-coolfire-ii-s-ca","status":"publish","type":"page","link":"https:\/\/novomaticclub.com\/es\/descargas-plataforma-coolfire-ii-s-ca\/","title":{"rendered":"Descargas plataforma COOLFIRE II-s\u2122 ca"},"content":{"rendered":"\t\t<div data-elementor-type=\"wp-page\" data-elementor-id=\"18484\" class=\"elementor elementor-18484\" data-elementor-post-type=\"page\">\n\t\t\t\t\t\t<section class=\"elementor-section elementor-top-section elementor-element elementor-element-2f44865 elementor-section-height-min-height elementor-section-content-middle elementor-section-boxed elementor-section-height-default elementor-section-items-middle\" data-id=\"2f44865\" data-element_type=\"section\" data-e-type=\"section\" data-settings=\"{&quot;background_background&quot;:&quot;classic&quot;,&quot;jet_parallax_layout_list&quot;:[],&quot;ekit_has_onepagescroll_dot&quot;:&quot;yes&quot;}\">\n\t\t\t\t\t\t\t<div class=\"elementor-background-overlay\"><\/div>\n\t\t\t\t\t\t\t<div class=\"elementor-container elementor-column-gap-no\">\n\t\t\t\t\t<div class=\"elementor-column elementor-col-100 elementor-top-column elementor-element elementor-element-52950b4\" data-id=\"52950b4\" data-element_type=\"column\" data-e-type=\"column\">\n\t\t\t<div class=\"elementor-widget-wrap\">\n\t\t\t\t\t\t\t<\/div>\n\t\t<\/div>\n\t\t\t\t\t<\/div>\n\t\t<\/section>\n\t\t<!-- dce invisible element 78d08a7 --><!-- dce invisible element 60817b9 --><!-- dce invisible element 8d7ea03 --><!-- dce invisible element 983645b --><!-- dce invisible element 88b4e97 -->\t\t<section class=\"dce-visibility-event elementor-section elementor-top-section elementor-element elementor-element-7bc221a elementor-section-boxed elementor-section-height-default elementor-section-height-default\" data-id=\"7bc221a\" data-element_type=\"section\" data-e-type=\"section\" data-settings=\"{&quot;jet_parallax_layout_list&quot;:[],&quot;enabled_visibility&quot;:&quot;yes&quot;,&quot;dce_visibility_selected&quot;:&quot;yes&quot;,&quot;ekit_has_onepagescroll_dot&quot;:&quot;yes&quot;}\">\n\t\t\t\t\t\t<div class=\"elementor-container elementor-column-gap-no\">\n\t\t\t\t\t<div class=\"elementor-column elementor-col-50 elementor-top-column elementor-element elementor-element-51f8011\" data-id=\"51f8011\" data-element_type=\"column\" data-e-type=\"column\">\n\t\t\t<div class=\"elementor-widget-wrap elementor-element-populated\">\n\t\t\t\t\t\t<div class=\"elementor-element elementor-element-850ac15 elementor-widget elementor-widget-text-editor\" data-id=\"850ac15\" data-element_type=\"widget\" data-e-type=\"widget\" data-settings=\"{&quot;ekit_we_effect_on&quot;:&quot;none&quot;}\" data-widget_type=\"text-editor.default\">\n\t\t\t\t\t\t\t\t\t<p>Para poder visualizar este contenido debes iniciar sesi\u00f3n\u00a0, si no tienes usuario solic\u00edtalo a\u00a0<a href=\"mailto:soporte@novomatic.com.co\">soporte@novomatic.com.co<\/a><\/p>\t\t\t\t\t\t\t\t<\/div>\n\t\t\t\t\t<\/div>\n\t\t<\/div>\n\t\t\t\t<div class=\"elementor-column elementor-col-50 elementor-top-column elementor-element elementor-element-db937e1\" data-id=\"db937e1\" data-element_type=\"column\" data-e-type=\"column\">\n\t\t\t<div class=\"elementor-widget-wrap elementor-element-populated\">\n\t\t\t\t<!-- dce invisible element 8438d1b -->\t\t<div class=\"dce-visibility-event elementor-element elementor-element-46e7583 elementor-align-left elementor-widget elementor-widget-button\" data-id=\"46e7583\" data-element_type=\"widget\" data-e-type=\"widget\" data-settings=\"{&quot;enabled_visibility&quot;:&quot;yes&quot;,&quot;ekit_we_effect_on&quot;:&quot;none&quot;,&quot;dce_visibility_selected&quot;:&quot;yes&quot;}\" data-widget_type=\"button.default\">\n\t\t\t\t\t\t\t\t\t\t<a class=\"elementor-button elementor-button-link elementor-size-sm\" href=\"#elementor-action%3Aaction%3Dpopup%3Aopen%26settings%3DeyJpZCI6IjQzNzIiLCJ0b2dnbGUiOmZhbHNlfQ%3D%3D\">\n\t\t\t\t\t\t<span class=\"elementor-button-content-wrapper\">\n\t\t\t\t\t\t\t\t\t<span class=\"elementor-button-text\">LOGIN<\/span>\n\t\t\t\t\t<\/span>\n\t\t\t\t\t<\/a>\n\t\t\t\t\t\t\t\t<\/div>\n\t\t\t\t\t<\/div>\n\t\t<\/div>\n\t\t\t\t\t<\/div>\n\t\t<\/section>\n\t\t\t\t<\/div>\n\t\t","protected":false},"excerpt":{"rendered":"<p>Descargas plataforma COOLFIRE II-s\u2122 Manual plataforma COOLFIRE II-s\u2122 Descargar Errores comunes plataforma COOLFIRE II-s\u2122 Descargar Actualizaciones Billeteros JCM UBA 10 SS \u2013 \u0456VIZION\u00ae Descargar Actualizaciones billeteros Mei MEI\u00ae SC Advance\u2122 y MEI\u00aeSC Casflow\u00ae Panam\u00e1 Curacao Guatemala Guyana Rep\u00fablica Dominicana Surinam Nicaragua No tienes acceso a este archivo, porque aun no tienes designado un pa\u00eds\u00a0autorizado. Descargar [&hellip;]<\/p>\n","protected":false},"author":1,"featured_media":0,"parent":0,"menu_order":41,"comment_status":"closed","ping_status":"closed","template":"","meta":{"inline_featured_image":false,"_mi_skip_tracking":false,"_monsterinsights_sitenote_active":false,"_monsterinsights_sitenote_note":"","_monsterinsights_sitenote_category":0,"footnotes":""},"class_list":["post-18484","page","type-page","status-publish","hentry"],"yoast_head":"<!-- This site is optimized with the Yoast SEO Premium plugin v23.4 (Yoast SEO v27.3) - https:\/\/yoast.com\/product\/yoast-seo-premium-wordpress\/ -->\n<title>Descargas plataforma COOLFIRE II-s\u2122 ca - NOVOMATIC CLUB<\/title>\n<meta name=\"description\" content=\"Aprende como un profesional con nuestros tutoriales en video y descarga contenido exclusivo para plataformas de juegos de azar.\" \/>\n<meta name=\"robots\" content=\"noindex, nofollow\" \/>\n<meta property=\"og:locale\" content=\"es_ES\" \/>\n<meta property=\"og:type\" content=\"article\" \/>\n<meta property=\"og:title\" content=\"Descargas plataforma COOLFIRE II-s\u2122 ca\" \/>\n<meta property=\"og:description\" content=\"Aprende como un profesional con nuestros tutoriales en video y descarga contenido exclusivo para plataformas de juegos de azar.\" \/>\n<meta property=\"og:url\" content=\"https:\/\/novomaticclub.com\/es\/descargas-plataforma-coolfire-ii-s-ca\/\" \/>\n<meta property=\"og:site_name\" content=\"NOVOMATIC CLUB\" \/>\n<meta property=\"article:publisher\" content=\"https:\/\/www.facebook.com\/NOVOMATIC\/\" \/>\n<meta property=\"article:modified_time\" content=\"2025-03-21T02:18:21+00:00\" \/>\n<meta property=\"og:image\" content=\"https:\/\/novomaticclub.com\/wp-content\/uploads\/2022\/10\/ICONO1-1.png\" \/>\n<meta name=\"twitter:card\" content=\"summary_large_image\" \/>\n<meta name=\"twitter:label1\" content=\"Tiempo de lectura\" \/>\n\t<meta name=\"twitter:data1\" content=\"3 minutos\" \/>\n<script type=\"application\/ld+json\" class=\"yoast-schema-graph\">{\"@context\":\"https:\\\/\\\/schema.org\",\"@graph\":[{\"@type\":\"WebPage\",\"@id\":\"https:\\\/\\\/novomaticclub.com\\\/descargas-plataforma-coolfire-ii-s-ca\\\/\",\"url\":\"https:\\\/\\\/novomaticclub.com\\\/descargas-plataforma-coolfire-ii-s-ca\\\/\",\"name\":\"Descargas plataforma COOLFIRE II-s\u2122 ca - NOVOMATIC CLUB\",\"isPartOf\":{\"@id\":\"https:\\\/\\\/novomaticclub.com\\\/#website\"},\"primaryImageOfPage\":{\"@id\":\"https:\\\/\\\/novomaticclub.com\\\/descargas-plataforma-coolfire-ii-s-ca\\\/#primaryimage\"},\"image\":{\"@id\":\"https:\\\/\\\/novomaticclub.com\\\/descargas-plataforma-coolfire-ii-s-ca\\\/#primaryimage\"},\"thumbnailUrl\":\"https:\\\/\\\/novomaticclub.com\\\/wp-content\\\/uploads\\\/2022\\\/10\\\/ICONO1-1.png\",\"datePublished\":\"2023-05-13T05:49:24+00:00\",\"dateModified\":\"2025-03-21T02:18:21+00:00\",\"description\":\"Aprende como un profesional con nuestros tutoriales en video y descarga contenido exclusivo para plataformas de juegos de azar.\",\"breadcrumb\":{\"@id\":\"https:\\\/\\\/novomaticclub.com\\\/descargas-plataforma-coolfire-ii-s-ca\\\/#breadcrumb\"},\"inLanguage\":\"es\",\"potentialAction\":[{\"@type\":\"ReadAction\",\"target\":[\"https:\\\/\\\/novomaticclub.com\\\/descargas-plataforma-coolfire-ii-s-ca\\\/\"]}]},{\"@type\":\"ImageObject\",\"inLanguage\":\"es\",\"@id\":\"https:\\\/\\\/novomaticclub.com\\\/descargas-plataforma-coolfire-ii-s-ca\\\/#primaryimage\",\"url\":\"https:\\\/\\\/novomaticclub.com\\\/wp-content\\\/uploads\\\/2022\\\/10\\\/ICONO1-1.png\",\"contentUrl\":\"https:\\\/\\\/novomaticclub.com\\\/wp-content\\\/uploads\\\/2022\\\/10\\\/ICONO1-1.png\"},{\"@type\":\"BreadcrumbList\",\"@id\":\"https:\\\/\\\/novomaticclub.com\\\/descargas-plataforma-coolfire-ii-s-ca\\\/#breadcrumb\",\"itemListElement\":[{\"@type\":\"ListItem\",\"position\":1,\"name\":\"Inicio\",\"item\":\"https:\\\/\\\/novomaticclub.com\\\/es\\\/\"},{\"@type\":\"ListItem\",\"position\":2,\"name\":\"Descargas plataforma COOLFIRE II-s\u2122 ca\"}]},{\"@type\":\"WebSite\",\"@id\":\"https:\\\/\\\/novomaticclub.com\\\/#website\",\"url\":\"https:\\\/\\\/novomaticclub.com\\\/\",\"name\":\"NOVOMATIC CLUB\",\"description\":\"NOVOMATIC\",\"publisher\":{\"@id\":\"https:\\\/\\\/novomaticclub.com\\\/#organization\"},\"alternateName\":\"NOVOMATIC Club - NOVOMATIC Club\",\"potentialAction\":[{\"@type\":\"SearchAction\",\"target\":{\"@type\":\"EntryPoint\",\"urlTemplate\":\"https:\\\/\\\/novomaticclub.com\\\/?s={search_term_string}\"},\"query-input\":{\"@type\":\"PropertyValueSpecification\",\"valueRequired\":true,\"valueName\":\"search_term_string\"}}],\"inLanguage\":\"es\"},{\"@type\":\"Organization\",\"@id\":\"https:\\\/\\\/novomaticclub.com\\\/#organization\",\"name\":\"Novomatic Club\",\"alternateName\":\"NOVOMATIC Club - NOVOMATIC Club\",\"url\":\"https:\\\/\\\/novomaticclub.com\\\/\",\"logo\":{\"@type\":\"ImageObject\",\"inLanguage\":\"es\",\"@id\":\"https:\\\/\\\/novomaticclub.com\\\/#\\\/schema\\\/logo\\\/image\\\/\",\"url\":\"https:\\\/\\\/novomaticclub.com\\\/wp-content\\\/uploads\\\/2022\\\/08\\\/Logo-Novoclub-new.svg\",\"contentUrl\":\"https:\\\/\\\/novomaticclub.com\\\/wp-content\\\/uploads\\\/2022\\\/08\\\/Logo-Novoclub-new.svg\",\"width\":240,\"height\":74,\"caption\":\"Novomatic Club\"},\"image\":{\"@id\":\"https:\\\/\\\/novomaticclub.com\\\/#\\\/schema\\\/logo\\\/image\\\/\"},\"sameAs\":[\"https:\\\/\\\/www.facebook.com\\\/NOVOMATIC\\\/\"]}]}<\/script>\n<!-- \/ Yoast SEO Premium plugin. -->","yoast_head_json":{"title":"Descargas plataforma COOLFIRE II-s\u2122 ca - NOVOMATIC CLUB","description":"Aprende como un profesional con nuestros tutoriales en video y descarga contenido exclusivo para plataformas de juegos de azar.","robots":{"index":"noindex","follow":"nofollow"},"og_locale":"es_ES","og_type":"article","og_title":"Descargas plataforma COOLFIRE II-s\u2122 ca","og_description":"Aprende como un profesional con nuestros tutoriales en video y descarga contenido exclusivo para plataformas de juegos de azar.","og_url":"https:\/\/novomaticclub.com\/es\/descargas-plataforma-coolfire-ii-s-ca\/","og_site_name":"NOVOMATIC CLUB","article_publisher":"https:\/\/www.facebook.com\/NOVOMATIC\/","article_modified_time":"2025-03-21T02:18:21+00:00","og_image":[{"url":"https:\/\/novomaticclub.com\/wp-content\/uploads\/2022\/10\/ICONO1-1.png","type":"","width":"","height":""}],"twitter_card":"summary_large_image","twitter_misc":{"Tiempo de lectura":"3 minutos"},"schema":{"@context":"https:\/\/schema.org","@graph":[{"@type":"WebPage","@id":"https:\/\/novomaticclub.com\/descargas-plataforma-coolfire-ii-s-ca\/","url":"https:\/\/novomaticclub.com\/descargas-plataforma-coolfire-ii-s-ca\/","name":"Descargas plataforma COOLFIRE II-s\u2122 ca - NOVOMATIC CLUB","isPartOf":{"@id":"https:\/\/novomaticclub.com\/#website"},"primaryImageOfPage":{"@id":"https:\/\/novomaticclub.com\/descargas-plataforma-coolfire-ii-s-ca\/#primaryimage"},"image":{"@id":"https:\/\/novomaticclub.com\/descargas-plataforma-coolfire-ii-s-ca\/#primaryimage"},"thumbnailUrl":"https:\/\/novomaticclub.com\/wp-content\/uploads\/2022\/10\/ICONO1-1.png","datePublished":"2023-05-13T05:49:24+00:00","dateModified":"2025-03-21T02:18:21+00:00","description":"Aprende como un profesional con nuestros tutoriales en video y descarga contenido exclusivo para plataformas de juegos de azar.","breadcrumb":{"@id":"https:\/\/novomaticclub.com\/descargas-plataforma-coolfire-ii-s-ca\/#breadcrumb"},"inLanguage":"es","potentialAction":[{"@type":"ReadAction","target":["https:\/\/novomaticclub.com\/descargas-plataforma-coolfire-ii-s-ca\/"]}]},{"@type":"ImageObject","inLanguage":"es","@id":"https:\/\/novomaticclub.com\/descargas-plataforma-coolfire-ii-s-ca\/#primaryimage","url":"https:\/\/novomaticclub.com\/wp-content\/uploads\/2022\/10\/ICONO1-1.png","contentUrl":"https:\/\/novomaticclub.com\/wp-content\/uploads\/2022\/10\/ICONO1-1.png"},{"@type":"BreadcrumbList","@id":"https:\/\/novomaticclub.com\/descargas-plataforma-coolfire-ii-s-ca\/#breadcrumb","itemListElement":[{"@type":"ListItem","position":1,"name":"Inicio","item":"https:\/\/novomaticclub.com\/es\/"},{"@type":"ListItem","position":2,"name":"Descargas plataforma COOLFIRE II-s\u2122 ca"}]},{"@type":"WebSite","@id":"https:\/\/novomaticclub.com\/#website","url":"https:\/\/novomaticclub.com\/","name":"NOVOMATIC CLUB","description":"NOVOMATIC","publisher":{"@id":"https:\/\/novomaticclub.com\/#organization"},"alternateName":"NOVOMATIC Club - NOVOMATIC Club","potentialAction":[{"@type":"SearchAction","target":{"@type":"EntryPoint","urlTemplate":"https:\/\/novomaticclub.com\/?s={search_term_string}"},"query-input":{"@type":"PropertyValueSpecification","valueRequired":true,"valueName":"search_term_string"}}],"inLanguage":"es"},{"@type":"Organization","@id":"https:\/\/novomaticclub.com\/#organization","name":"Novomatic Club","alternateName":"NOVOMATIC Club - NOVOMATIC Club","url":"https:\/\/novomaticclub.com\/","logo":{"@type":"ImageObject","inLanguage":"es","@id":"https:\/\/novomaticclub.com\/#\/schema\/logo\/image\/","url":"https:\/\/novomaticclub.com\/wp-content\/uploads\/2022\/08\/Logo-Novoclub-new.svg","contentUrl":"https:\/\/novomaticclub.com\/wp-content\/uploads\/2022\/08\/Logo-Novoclub-new.svg","width":240,"height":74,"caption":"Novomatic Club"},"image":{"@id":"https:\/\/novomaticclub.com\/#\/schema\/logo\/image\/"},"sameAs":["https:\/\/www.facebook.com\/NOVOMATIC\/"]}]}},"_links":{"self":[{"href":"https:\/\/novomaticclub.com\/es\/wp-json\/wp\/v2\/pages\/18484","targetHints":{"allow":["GET"]}}],"collection":[{"href":"https:\/\/novomaticclub.com\/es\/wp-json\/wp\/v2\/pages"}],"about":[{"href":"https:\/\/novomaticclub.com\/es\/wp-json\/wp\/v2\/types\/page"}],"author":[{"embeddable":true,"href":"https:\/\/novomaticclub.com\/es\/wp-json\/wp\/v2\/users\/1"}],"replies":[{"embeddable":true,"href":"https:\/\/novomaticclub.com\/es\/wp-json\/wp\/v2\/comments?post=18484"}],"version-history":[{"count":0,"href":"https:\/\/novomaticclub.com\/es\/wp-json\/wp\/v2\/pages\/18484\/revisions"}],"wp:attachment":[{"href":"https:\/\/novomaticclub.com\/es\/wp-json\/wp\/v2\/media?parent=18484"}],"curies":[{"name":"wp","href":"https:\/\/api.w.org\/{rel}","templated":true}]}}