{"id":15742,"date":"2023-04-20T14:19:33","date_gmt":"2023-04-20T14:19:33","guid":{"rendered":"https:\/\/novomaticclub.com\/?page_id=15742"},"modified":"2025-07-21T15:09:46","modified_gmt":"2025-07-21T20:09:46","slug":"terminales","status":"publish","type":"page","link":"https:\/\/novomaticclub.com\/es\/ec\/terminales\/","title":{"rendered":"Terminales Ecuador"},"content":{"rendered":"\t\t<div data-elementor-type=\"wp-page\" data-elementor-id=\"15742\" class=\"elementor elementor-15742\" data-elementor-post-type=\"page\">\n\t\t\t\t\t\t<section class=\"elementor-section elementor-top-section elementor-element elementor-element-7f2d51f5 elementor-section-height-min-height elementor-section-content-middle elementor-section-boxed elementor-section-height-default elementor-section-items-middle\" data-id=\"7f2d51f5\" data-element_type=\"section\" data-e-type=\"section\" data-settings=\"{&quot;background_background&quot;:&quot;classic&quot;,&quot;jet_parallax_layout_list&quot;:[],&quot;ekit_has_onepagescroll_dot&quot;:&quot;yes&quot;}\">\n\t\t\t\t\t\t<div class=\"elementor-container elementor-column-gap-no\">\n\t\t\t\t\t<div class=\"elementor-column elementor-col-100 elementor-top-column elementor-element elementor-element-9d8c4c6\" data-id=\"9d8c4c6\" data-element_type=\"column\" data-e-type=\"column\">\n\t\t\t<div class=\"elementor-widget-wrap\">\n\t\t\t\t\t\t\t<\/div>\n\t\t<\/div>\n\t\t\t\t\t<\/div>\n\t\t<\/section>\n\t\t\t\t<section class=\"elementor-section elementor-top-section elementor-element elementor-element-d612472 elementor-section-boxed elementor-section-height-default elementor-section-height-default\" data-id=\"d612472\" data-element_type=\"section\" data-e-type=\"section\" data-settings=\"{&quot;jet_parallax_layout_list&quot;:[],&quot;ekit_has_onepagescroll_dot&quot;:&quot;yes&quot;}\">\n\t\t\t\t\t\t<div class=\"elementor-container elementor-column-gap-default\">\n\t\t\t\t\t<div class=\"elementor-column elementor-col-100 elementor-top-column elementor-element elementor-element-790a25e\" data-id=\"790a25e\" data-element_type=\"column\" data-e-type=\"column\">\n\t\t\t<div class=\"elementor-widget-wrap elementor-element-populated\">\n\t\t\t\t\t\t<div class=\"elementor-element elementor-element-0f057f4 elementor-widget elementor-widget-heading\" data-id=\"0f057f4\" data-element_type=\"widget\" data-e-type=\"widget\" data-settings=\"{&quot;ekit_we_effect_on&quot;:&quot;none&quot;}\" data-widget_type=\"heading.default\">\n\t\t\t\t\t<h1 class=\"elementor-heading-title elementor-size-default\">TERMINALES<\/h1>\t\t\t\t<\/div>\n\t\t\t\t<div class=\"elementor-element elementor-element-a28229a elementor-widget elementor-widget-text-editor\" data-id=\"a28229a\" data-element_type=\"widget\" data-e-type=\"widget\" data-settings=\"{&quot;ekit_we_effect_on&quot;:&quot;none&quot;}\" data-widget_type=\"text-editor.default\">\n\t\t\t\t\t\t\t\t\t<p>Descubre nuestra amplia gama de gabinetes<\/p>\t\t\t\t\t\t\t\t<\/div>\n\t\t\t\t\t<\/div>\n\t\t<\/div>\n\t\t\t\t\t<\/div>\n\t\t<\/section>\n\t\t\t\t<section class=\"elementor-section elementor-top-section elementor-element elementor-element-7459db0 elementor-hidden-desktop elementor-section-boxed elementor-section-height-default elementor-section-height-default\" data-id=\"7459db0\" data-element_type=\"section\" data-e-type=\"section\" data-settings=\"{&quot;jet_parallax_layout_list&quot;:[],&quot;ekit_has_onepagescroll_dot&quot;:&quot;yes&quot;}\">\n\t\t\t\t\t\t<div class=\"elementor-container elementor-column-gap-default\">\n\t\t\t\t\t<div class=\"elementor-column elementor-col-25 elementor-top-column elementor-element elementor-element-0644ea8\" data-id=\"0644ea8\" data-element_type=\"column\" data-e-type=\"column\">\n\t\t\t<div class=\"elementor-widget-wrap elementor-element-populated\">\n\t\t\t\t\t\t<div class=\"elementor-element elementor-element-9e3007d elementor-cta--skin-classic elementor-animated-content elementor-bg-transform elementor-bg-transform-zoom-in elementor-widget elementor-widget-call-to-action\" data-id=\"9e3007d\" data-element_type=\"widget\" data-e-type=\"widget\" data-settings=\"{&quot;ekit_we_effect_on&quot;:&quot;none&quot;}\" data-widget_type=\"call-to-action.default\">\n\t\t\t\t\t\t\t<a class=\"elementor-cta\" href=\"https:\/\/novomaticclub.com\/es\/ec\/terminales\/terminal-de-loteria-electronica-fv659\/\">\r\n\t\t\t\t\t<div class=\"elementor-cta__bg-wrapper\">\r\n\t\t\t\t<div class=\"elementor-cta__bg elementor-bg\" style=\"background-image: url(https:\/\/novomaticclub.com\/wp-content\/uploads\/2023\/05\/Terminal-1.19-Codigo-Austria-FV659.png);\" role=\"img\" aria-label=\"Terminal 1.19 - Codigo Austria FV659\"><\/div>\r\n\t\t\t\t<div class=\"elementor-cta__bg-overlay\"><\/div>\r\n\t\t\t<\/div>\r\n\t\t\t\t\t\t\t\t<\/a>\r\n\t\t\t\t\t\t<\/div>\n\t\t\t\t<div class=\"elementor-element elementor-element-714583d elementor-widget elementor-widget-text-editor\" data-id=\"714583d\" data-element_type=\"widget\" data-e-type=\"widget\" data-settings=\"{&quot;ekit_we_effect_on&quot;:&quot;none&quot;}\" data-widget_type=\"text-editor.default\">\n\t\t\t\t\t\t\t\t\t<div class=\"elementor-element elementor-element-1675a31 elementor-widget elementor-widget-heading\" data-id=\"1675a31\" data-element_type=\"widget\" data-settings=\"{&quot;ekit_we_effect_on&quot;:&quot;none&quot;}\" data-widget_type=\"heading.default\"><div class=\"elementor-widget-container\"><p class=\"elementor-heading-title elementor-size-default\"><strong>TERMINAL DE LOTER\u00cdA ELECTR\u00d3NICA FV659<\/strong><\/p><\/div><\/div>\t\t\t\t\t\t\t\t<\/div>\n\t\t\t\t\t<\/div>\n\t\t<\/div>\n\t\t\t\t<div class=\"elementor-column elementor-col-25 elementor-top-column elementor-element elementor-element-7077453\" data-id=\"7077453\" data-element_type=\"column\" data-e-type=\"column\">\n\t\t\t<div class=\"elementor-widget-wrap elementor-element-populated\">\n\t\t\t\t\t\t<div class=\"elementor-element elementor-element-443a608 elementor-cta--skin-classic elementor-animated-content elementor-bg-transform elementor-bg-transform-zoom-in elementor-widget elementor-widget-call-to-action\" data-id=\"443a608\" data-element_type=\"widget\" data-e-type=\"widget\" data-settings=\"{&quot;ekit_we_effect_on&quot;:&quot;none&quot;}\" data-widget_type=\"call-to-action.default\">\n\t\t\t\t\t\t\t<a class=\"elementor-cta\" href=\"https:\/\/novomaticclub.com\/es\/ec\/terminales\/terminal-de-loteria-electronica-fv761\/\">\r\n\t\t\t\t\t<div class=\"elementor-cta__bg-wrapper\">\r\n\t\t\t\t<div class=\"elementor-cta__bg elementor-bg\" style=\"background-image: url(https:\/\/novomaticclub.com\/wp-content\/uploads\/2023\/05\/FV761_Novostar_FakeTerminal.webp);\" role=\"img\" aria-label=\"FV761_Novostar_FakeTerminal\"><\/div>\r\n\t\t\t\t<div class=\"elementor-cta__bg-overlay\"><\/div>\r\n\t\t\t<\/div>\r\n\t\t\t\t\t\t\t\t<\/a>\r\n\t\t\t\t\t\t<\/div>\n\t\t\t\t<div class=\"elementor-element elementor-element-b54f030 elementor-widget elementor-widget-text-editor\" data-id=\"b54f030\" data-element_type=\"widget\" data-e-type=\"widget\" data-settings=\"{&quot;ekit_we_effect_on&quot;:&quot;none&quot;}\" data-widget_type=\"text-editor.default\">\n\t\t\t\t\t\t\t\t\t<div class=\"elementor-element elementor-element-1675a31 elementor-widget elementor-widget-heading\" data-id=\"1675a31\" data-element_type=\"widget\" data-settings=\"{&quot;ekit_we_effect_on&quot;:&quot;none&quot;}\" data-widget_type=\"heading.default\"><div class=\"elementor-widget-container\"><p class=\"title page-title\"><strong><span class=\"field field--name-title field--type-string field--label-hidden\">TERMINAL DE LOTER\u00cdA ELECTR\u00d3NICA FV761<\/span><\/strong><\/p><\/div><\/div>\t\t\t\t\t\t\t\t<\/div>\n\t\t\t\t\t<\/div>\n\t\t<\/div>\n\t\t\t\t<div class=\"elementor-column elementor-col-25 elementor-top-column elementor-element elementor-element-869b66e\" data-id=\"869b66e\" data-element_type=\"column\" data-e-type=\"column\">\n\t\t\t<div class=\"elementor-widget-wrap elementor-element-populated\">\n\t\t\t\t\t\t<div class=\"elementor-element elementor-element-3ecbd81 elementor-cta--skin-classic elementor-animated-content elementor-bg-transform elementor-bg-transform-zoom-in elementor-widget elementor-widget-call-to-action\" data-id=\"3ecbd81\" data-element_type=\"widget\" data-e-type=\"widget\" data-settings=\"{&quot;ekit_we_effect_on&quot;:&quot;none&quot;}\" data-widget_type=\"call-to-action.default\">\n\t\t\t\t\t\t\t<a class=\"elementor-cta\" href=\"https:\/\/novomaticclub.com\/es\/ec\/terminales\/terminal-de-loteria-electronica-fv761-con-botonera\/\">\r\n\t\t\t\t\t<div class=\"elementor-cta__bg-wrapper\">\r\n\t\t\t\t<div class=\"elementor-cta__bg elementor-bg\" style=\"background-image: url(https:\/\/novomaticclub.com\/wp-content\/uploads\/2023\/05\/FV761_Con-botonera.webp);\" role=\"img\" aria-label=\"FV761_Con botonera\"><\/div>\r\n\t\t\t\t<div class=\"elementor-cta__bg-overlay\"><\/div>\r\n\t\t\t<\/div>\r\n\t\t\t\t\t\t\t\t<\/a>\r\n\t\t\t\t\t\t<\/div>\n\t\t\t\t<div class=\"elementor-element elementor-element-f2d2f49 elementor-widget elementor-widget-text-editor\" data-id=\"f2d2f49\" data-element_type=\"widget\" data-e-type=\"widget\" data-settings=\"{&quot;ekit_we_effect_on&quot;:&quot;none&quot;}\" data-widget_type=\"text-editor.default\">\n\t\t\t\t\t\t\t\t\t<div class=\"elementor-element elementor-element-1675a31 elementor-widget elementor-widget-heading\" data-id=\"1675a31\" data-element_type=\"widget\" data-settings=\"{&quot;ekit_we_effect_on&quot;:&quot;none&quot;}\" data-widget_type=\"heading.default\"><div class=\"elementor-widget-container\"><div class=\"elementor-element elementor-element-419a85df elementor-widget elementor-widget-heading\" data-id=\"419a85df\" data-element_type=\"widget\" data-settings=\"{&quot;ekit_we_effect_on&quot;:&quot;none&quot;}\" data-widget_type=\"heading.default\"><div class=\"elementor-widget-container\"><p class=\"elementor-heading-title elementor-size-default\"><strong>TERMINAL DE LOTER\u00cdA ELECTR\u00d3NICA FV761 CON BOTONERA<\/strong><\/p><\/div><\/div><\/div><\/div>\t\t\t\t\t\t\t\t<\/div>\n\t\t\t\t\t<\/div>\n\t\t<\/div>\n\t\t\t\t<div class=\"elementor-column elementor-col-25 elementor-top-column elementor-element elementor-element-0221099\" data-id=\"0221099\" data-element_type=\"column\" data-e-type=\"column\">\n\t\t\t<div class=\"elementor-widget-wrap\">\n\t\t\t\t\t\t\t<\/div>\n\t\t<\/div>\n\t\t\t\t\t<\/div>\n\t\t<\/section>\n\t\t\t\t<section class=\"elementor-section elementor-top-section elementor-element elementor-element-083e29e elementor-hidden-tablet elementor-hidden-mobile elementor-section-boxed elementor-section-height-default elementor-section-height-default\" data-id=\"083e29e\" data-element_type=\"section\" data-e-type=\"section\" data-settings=\"{&quot;jet_parallax_layout_list&quot;:[],&quot;ekit_has_onepagescroll_dot&quot;:&quot;yes&quot;}\">\n\t\t\t\t\t\t<div class=\"elementor-container elementor-column-gap-default\">\n\t\t\t\t\t<div class=\"elementor-column elementor-col-20 elementor-top-column elementor-element elementor-element-7ddae2f\" data-id=\"7ddae2f\" data-element_type=\"column\" data-e-type=\"column\">\n\t\t\t<div class=\"elementor-widget-wrap\">\n\t\t\t\t\t\t\t<\/div>\n\t\t<\/div>\n\t\t\t\t<div class=\"elementor-column elementor-col-20 elementor-top-column elementor-element elementor-element-8ca6ddf\" data-id=\"8ca6ddf\" data-element_type=\"column\" data-e-type=\"column\">\n\t\t\t<div class=\"elementor-widget-wrap elementor-element-populated\">\n\t\t\t\t\t\t<div class=\"elementor-element elementor-element-aff664b elementor-cta--skin-classic elementor-animated-content elementor-bg-transform elementor-bg-transform-zoom-in elementor-widget elementor-widget-call-to-action\" data-id=\"aff664b\" data-element_type=\"widget\" data-e-type=\"widget\" data-settings=\"{&quot;ekit_we_effect_on&quot;:&quot;none&quot;}\" data-widget_type=\"call-to-action.default\">\n\t\t\t\t\t\t\t<a class=\"elementor-cta\" href=\"https:\/\/novomaticclub.com\/es\/ec\/terminales\/terminal-de-loteria-electronica-fv659\/\">\r\n\t\t\t\t\t<div class=\"elementor-cta__bg-wrapper\">\r\n\t\t\t\t<div class=\"elementor-cta__bg elementor-bg\" style=\"background-image: url(https:\/\/novomaticclub.com\/wp-content\/uploads\/2023\/05\/Terminal-1.19-Codigo-Austria-FV659.png);\" role=\"img\" aria-label=\"Terminal 1.19 - Codigo Austria FV659\"><\/div>\r\n\t\t\t\t<div class=\"elementor-cta__bg-overlay\"><\/div>\r\n\t\t\t<\/div>\r\n\t\t\t\t\t\t\t\t<\/a>\r\n\t\t\t\t\t\t<\/div>\n\t\t\t\t<div class=\"elementor-element elementor-element-1a0a587 elementor-widget elementor-widget-text-editor\" data-id=\"1a0a587\" data-element_type=\"widget\" data-e-type=\"widget\" data-settings=\"{&quot;ekit_we_effect_on&quot;:&quot;none&quot;}\" data-widget_type=\"text-editor.default\">\n\t\t\t\t\t\t\t\t\t<div class=\"elementor-element elementor-element-1675a31 elementor-widget elementor-widget-heading\" data-id=\"1675a31\" data-element_type=\"widget\" data-settings=\"{&quot;ekit_we_effect_on&quot;:&quot;none&quot;}\" data-widget_type=\"heading.default\"><div class=\"elementor-widget-container\"><p class=\"elementor-heading-title elementor-size-default\"><strong>TERMINAL DE LOTER\u00cdA ELECTR\u00d3NICA FV659<\/strong><\/p><\/div><\/div>\t\t\t\t\t\t\t\t<\/div>\n\t\t\t\t\t<\/div>\n\t\t<\/div>\n\t\t\t\t<div class=\"elementor-column elementor-col-20 elementor-top-column elementor-element elementor-element-0428336\" data-id=\"0428336\" data-element_type=\"column\" data-e-type=\"column\">\n\t\t\t<div class=\"elementor-widget-wrap elementor-element-populated\">\n\t\t\t\t\t\t<div class=\"elementor-element elementor-element-f938c7c elementor-cta--skin-classic elementor-animated-content elementor-bg-transform elementor-bg-transform-zoom-in elementor-widget elementor-widget-call-to-action\" data-id=\"f938c7c\" data-element_type=\"widget\" data-e-type=\"widget\" data-settings=\"{&quot;ekit_we_effect_on&quot;:&quot;none&quot;}\" data-widget_type=\"call-to-action.default\">\n\t\t\t\t\t\t\t<a class=\"elementor-cta\" href=\"https:\/\/novomaticclub.com\/es\/ec\/terminales\/terminal-de-loteria-electronica-fv761\/\">\r\n\t\t\t\t\t<div class=\"elementor-cta__bg-wrapper\">\r\n\t\t\t\t<div class=\"elementor-cta__bg elementor-bg\" style=\"background-image: url(https:\/\/novomaticclub.com\/wp-content\/uploads\/2023\/05\/FV761_Novostar_FakeTerminal.webp);\" role=\"img\" aria-label=\"FV761_Novostar_FakeTerminal\"><\/div>\r\n\t\t\t\t<div class=\"elementor-cta__bg-overlay\"><\/div>\r\n\t\t\t<\/div>\r\n\t\t\t\t\t\t\t\t<\/a>\r\n\t\t\t\t\t\t<\/div>\n\t\t\t\t<div class=\"elementor-element elementor-element-b336e29 elementor-widget elementor-widget-text-editor\" data-id=\"b336e29\" data-element_type=\"widget\" data-e-type=\"widget\" data-settings=\"{&quot;ekit_we_effect_on&quot;:&quot;none&quot;}\" data-widget_type=\"text-editor.default\">\n\t\t\t\t\t\t\t\t\t<div class=\"elementor-element elementor-element-1675a31 elementor-widget elementor-widget-heading\" data-id=\"1675a31\" data-element_type=\"widget\" data-settings=\"{&quot;ekit_we_effect_on&quot;:&quot;none&quot;}\" data-widget_type=\"heading.default\"><div class=\"elementor-widget-container\"><p class=\"title page-title\"><strong><span class=\"field field--name-title field--type-string field--label-hidden\">TERMINAL DE LOTER\u00cdA ELECTR\u00d3NICA FV761<\/span><\/strong><\/p><\/div><\/div>\t\t\t\t\t\t\t\t<\/div>\n\t\t\t\t\t<\/div>\n\t\t<\/div>\n\t\t\t\t<div class=\"elementor-column elementor-col-20 elementor-top-column elementor-element elementor-element-cdf7890\" data-id=\"cdf7890\" data-element_type=\"column\" data-e-type=\"column\">\n\t\t\t<div class=\"elementor-widget-wrap elementor-element-populated\">\n\t\t\t\t\t\t<div class=\"elementor-element elementor-element-7bccf40 elementor-cta--skin-classic elementor-animated-content elementor-bg-transform elementor-bg-transform-zoom-in elementor-widget elementor-widget-call-to-action\" data-id=\"7bccf40\" data-element_type=\"widget\" data-e-type=\"widget\" data-settings=\"{&quot;ekit_we_effect_on&quot;:&quot;none&quot;}\" data-widget_type=\"call-to-action.default\">\n\t\t\t\t\t\t\t<a class=\"elementor-cta\" href=\"https:\/\/novomaticclub.com\/es\/ec\/terminales\/terminal-de-loteria-electronica-fv761-con-botonera\/\">\r\n\t\t\t\t\t<div class=\"elementor-cta__bg-wrapper\">\r\n\t\t\t\t<div class=\"elementor-cta__bg elementor-bg\" style=\"background-image: url(https:\/\/novomaticclub.com\/wp-content\/uploads\/2023\/05\/FV761_Con-botonera.webp);\" role=\"img\" aria-label=\"FV761_Con botonera\"><\/div>\r\n\t\t\t\t<div class=\"elementor-cta__bg-overlay\"><\/div>\r\n\t\t\t<\/div>\r\n\t\t\t\t\t\t\t\t<\/a>\r\n\t\t\t\t\t\t<\/div>\n\t\t\t\t<div class=\"elementor-element elementor-element-fac9109 elementor-widget elementor-widget-text-editor\" data-id=\"fac9109\" data-element_type=\"widget\" data-e-type=\"widget\" data-settings=\"{&quot;ekit_we_effect_on&quot;:&quot;none&quot;}\" data-widget_type=\"text-editor.default\">\n\t\t\t\t\t\t\t\t\t<div class=\"elementor-element elementor-element-1675a31 elementor-widget elementor-widget-heading\" data-id=\"1675a31\" data-element_type=\"widget\" data-settings=\"{&quot;ekit_we_effect_on&quot;:&quot;none&quot;}\" data-widget_type=\"heading.default\"><div class=\"elementor-widget-container\"><div class=\"elementor-element elementor-element-419a85df elementor-widget elementor-widget-heading\" data-id=\"419a85df\" data-element_type=\"widget\" data-settings=\"{&quot;ekit_we_effect_on&quot;:&quot;none&quot;}\" data-widget_type=\"heading.default\"><div class=\"elementor-widget-container\"><p class=\"elementor-heading-title elementor-size-default\"><strong>TERMINAL DE LOTER\u00cdA ELECTR\u00d3NICA FV761 CON BOTONERA<\/strong><\/p><\/div><\/div><\/div><\/div>\t\t\t\t\t\t\t\t<\/div>\n\t\t\t\t\t<\/div>\n\t\t<\/div>\n\t\t\t\t<div class=\"elementor-column elementor-col-20 elementor-top-column elementor-element elementor-element-46341b8\" data-id=\"46341b8\" data-element_type=\"column\" data-e-type=\"column\">\n\t\t\t<div class=\"elementor-widget-wrap\">\n\t\t\t\t\t\t\t<\/div>\n\t\t<\/div>\n\t\t\t\t\t<\/div>\n\t\t<\/section>\n\t\t\t\t<\/div>\n\t\t","protected":false},"excerpt":{"rendered":"<p>TERMINALES Descubre nuestra amplia gama de gabinetes TERMINAL DE LOTER\u00cdA ELECTR\u00d3NICA FV659 TERMINAL DE LOTER\u00cdA ELECTR\u00d3NICA FV761 TERMINAL DE LOTER\u00cdA ELECTR\u00d3NICA FV761 CON BOTONERA TERMINAL DE LOTER\u00cdA ELECTR\u00d3NICA FV659 TERMINAL DE LOTER\u00cdA ELECTR\u00d3NICA FV761 TERMINAL DE LOTER\u00cdA ELECTR\u00d3NICA FV761 CON BOTONERA<\/p>\n","protected":false},"author":1,"featured_media":0,"parent":15516,"menu_order":9,"comment_status":"closed","ping_status":"closed","template":"","meta":{"inline_featured_image":false,"_mi_skip_tracking":false,"_monsterinsights_sitenote_active":false,"_monsterinsights_sitenote_note":"","_monsterinsights_sitenote_category":0,"footnotes":""},"class_list":["post-15742","page","type-page","status-publish","hentry"],"yoast_head":"<!-- This site is optimized with the Yoast SEO Premium plugin v23.4 (Yoast SEO v27.3) - https:\/\/yoast.com\/product\/yoast-seo-premium-wordpress\/ -->\n<title>Terminales Ecuador - NOVOMATIC CLUB<\/title>\n<meta name=\"description\" content=\"Encontraras una gran variedad para todo tipo de salas de juego, donde NOVOMATIC innova con productos que reunen elegancia y excelencia.\" \/>\n<meta name=\"robots\" content=\"index, follow, max-snippet:-1, max-image-preview:large, max-video-preview:-1\" \/>\n<link rel=\"canonical\" href=\"https:\/\/novomaticclub.com\/es\/ec\/terminales\/\" \/>\n<meta property=\"og:locale\" content=\"es_ES\" \/>\n<meta property=\"og:type\" content=\"article\" \/>\n<meta property=\"og:title\" content=\"Terminales Ecuador\" \/>\n<meta property=\"og:description\" content=\"Encontraras una gran variedad para todo tipo de salas de juego, donde NOVOMATIC innova con productos que reunen elegancia y excelencia.\" \/>\n<meta property=\"og:url\" content=\"https:\/\/novomaticclub.com\/es\/ec\/terminales\/\" \/>\n<meta property=\"og:site_name\" content=\"NOVOMATIC CLUB\" \/>\n<meta property=\"article:publisher\" content=\"https:\/\/www.facebook.com\/NOVOMATIC\/\" \/>\n<meta property=\"article:modified_time\" content=\"2025-07-21T20:09:46+00:00\" \/>\n<meta name=\"twitter:card\" content=\"summary_large_image\" \/>\n<meta name=\"twitter:label1\" content=\"Tiempo de lectura\" \/>\n\t<meta name=\"twitter:data1\" content=\"1 minuto\" \/>\n<script type=\"application\/ld+json\" class=\"yoast-schema-graph\">{\"@context\":\"https:\\\/\\\/schema.org\",\"@graph\":[{\"@type\":\"WebPage\",\"@id\":\"https:\\\/\\\/novomaticclub.com\\\/es\\\/ec\\\/terminales\\\/\",\"url\":\"https:\\\/\\\/novomaticclub.com\\\/es\\\/ec\\\/terminales\\\/\",\"name\":\"Terminales Ecuador - NOVOMATIC CLUB\",\"isPartOf\":{\"@id\":\"https:\\\/\\\/novomaticclub.com\\\/#website\"},\"datePublished\":\"2023-04-20T14:19:33+00:00\",\"dateModified\":\"2025-07-21T20:09:46+00:00\",\"description\":\"Encontraras una gran variedad para todo tipo de salas de juego, donde NOVOMATIC innova con productos que reunen elegancia y excelencia.\",\"breadcrumb\":{\"@id\":\"https:\\\/\\\/novomaticclub.com\\\/es\\\/ec\\\/terminales\\\/#breadcrumb\"},\"inLanguage\":\"es\",\"potentialAction\":[{\"@type\":\"ReadAction\",\"target\":[\"https:\\\/\\\/novomaticclub.com\\\/es\\\/ec\\\/terminales\\\/\"]}]},{\"@type\":\"BreadcrumbList\",\"@id\":\"https:\\\/\\\/novomaticclub.com\\\/es\\\/ec\\\/terminales\\\/#breadcrumb\",\"itemListElement\":[{\"@type\":\"ListItem\",\"position\":1,\"name\":\"Inicio\",\"item\":\"https:\\\/\\\/novomaticclub.com\\\/es\\\/\"},{\"@type\":\"ListItem\",\"position\":2,\"name\":\"NOVOMATIC Ecuador\",\"item\":\"https:\\\/\\\/novomaticclub.com\\\/es\\\/ec\\\/\"},{\"@type\":\"ListItem\",\"position\":3,\"name\":\"Terminales Ecuador\"}]},{\"@type\":\"WebSite\",\"@id\":\"https:\\\/\\\/novomaticclub.com\\\/#website\",\"url\":\"https:\\\/\\\/novomaticclub.com\\\/\",\"name\":\"NOVOMATIC CLUB\",\"description\":\"NOVOMATIC\",\"publisher\":{\"@id\":\"https:\\\/\\\/novomaticclub.com\\\/#organization\"},\"alternateName\":\"NOVOMATIC Club - NOVOMATIC Club\",\"potentialAction\":[{\"@type\":\"SearchAction\",\"target\":{\"@type\":\"EntryPoint\",\"urlTemplate\":\"https:\\\/\\\/novomaticclub.com\\\/?s={search_term_string}\"},\"query-input\":{\"@type\":\"PropertyValueSpecification\",\"valueRequired\":true,\"valueName\":\"search_term_string\"}}],\"inLanguage\":\"es\"},{\"@type\":\"Organization\",\"@id\":\"https:\\\/\\\/novomaticclub.com\\\/#organization\",\"name\":\"Novomatic Club\",\"alternateName\":\"NOVOMATIC Club - NOVOMATIC Club\",\"url\":\"https:\\\/\\\/novomaticclub.com\\\/\",\"logo\":{\"@type\":\"ImageObject\",\"inLanguage\":\"es\",\"@id\":\"https:\\\/\\\/novomaticclub.com\\\/#\\\/schema\\\/logo\\\/image\\\/\",\"url\":\"https:\\\/\\\/novomaticclub.com\\\/wp-content\\\/uploads\\\/2022\\\/08\\\/Logo-Novoclub-new.svg\",\"contentUrl\":\"https:\\\/\\\/novomaticclub.com\\\/wp-content\\\/uploads\\\/2022\\\/08\\\/Logo-Novoclub-new.svg\",\"width\":240,\"height\":74,\"caption\":\"Novomatic Club\"},\"image\":{\"@id\":\"https:\\\/\\\/novomaticclub.com\\\/#\\\/schema\\\/logo\\\/image\\\/\"},\"sameAs\":[\"https:\\\/\\\/www.facebook.com\\\/NOVOMATIC\\\/\"]}]}<\/script>\n<!-- \/ Yoast SEO Premium plugin. -->","yoast_head_json":{"title":"Terminales Ecuador - NOVOMATIC CLUB","description":"Encontraras una gran variedad para todo tipo de salas de juego, donde NOVOMATIC innova con productos que reunen elegancia y excelencia.","robots":{"index":"index","follow":"follow","max-snippet":"max-snippet:-1","max-image-preview":"max-image-preview:large","max-video-preview":"max-video-preview:-1"},"canonical":"https:\/\/novomaticclub.com\/es\/ec\/terminales\/","og_locale":"es_ES","og_type":"article","og_title":"Terminales Ecuador","og_description":"Encontraras una gran variedad para todo tipo de salas de juego, donde NOVOMATIC innova con productos que reunen elegancia y excelencia.","og_url":"https:\/\/novomaticclub.com\/es\/ec\/terminales\/","og_site_name":"NOVOMATIC CLUB","article_publisher":"https:\/\/www.facebook.com\/NOVOMATIC\/","article_modified_time":"2025-07-21T20:09:46+00:00","twitter_card":"summary_large_image","twitter_misc":{"Tiempo de lectura":"1 minuto"},"schema":{"@context":"https:\/\/schema.org","@graph":[{"@type":"WebPage","@id":"https:\/\/novomaticclub.com\/es\/ec\/terminales\/","url":"https:\/\/novomaticclub.com\/es\/ec\/terminales\/","name":"Terminales Ecuador - NOVOMATIC CLUB","isPartOf":{"@id":"https:\/\/novomaticclub.com\/#website"},"datePublished":"2023-04-20T14:19:33+00:00","dateModified":"2025-07-21T20:09:46+00:00","description":"Encontraras una gran variedad para todo tipo de salas de juego, donde NOVOMATIC innova con productos que reunen elegancia y excelencia.","breadcrumb":{"@id":"https:\/\/novomaticclub.com\/es\/ec\/terminales\/#breadcrumb"},"inLanguage":"es","potentialAction":[{"@type":"ReadAction","target":["https:\/\/novomaticclub.com\/es\/ec\/terminales\/"]}]},{"@type":"BreadcrumbList","@id":"https:\/\/novomaticclub.com\/es\/ec\/terminales\/#breadcrumb","itemListElement":[{"@type":"ListItem","position":1,"name":"Inicio","item":"https:\/\/novomaticclub.com\/es\/"},{"@type":"ListItem","position":2,"name":"NOVOMATIC Ecuador","item":"https:\/\/novomaticclub.com\/es\/ec\/"},{"@type":"ListItem","position":3,"name":"Terminales Ecuador"}]},{"@type":"WebSite","@id":"https:\/\/novomaticclub.com\/#website","url":"https:\/\/novomaticclub.com\/","name":"NOVOMATIC CLUB","description":"NOVOMATIC","publisher":{"@id":"https:\/\/novomaticclub.com\/#organization"},"alternateName":"NOVOMATIC Club - NOVOMATIC Club","potentialAction":[{"@type":"SearchAction","target":{"@type":"EntryPoint","urlTemplate":"https:\/\/novomaticclub.com\/?s={search_term_string}"},"query-input":{"@type":"PropertyValueSpecification","valueRequired":true,"valueName":"search_term_string"}}],"inLanguage":"es"},{"@type":"Organization","@id":"https:\/\/novomaticclub.com\/#organization","name":"Novomatic Club","alternateName":"NOVOMATIC Club - NOVOMATIC Club","url":"https:\/\/novomaticclub.com\/","logo":{"@type":"ImageObject","inLanguage":"es","@id":"https:\/\/novomaticclub.com\/#\/schema\/logo\/image\/","url":"https:\/\/novomaticclub.com\/wp-content\/uploads\/2022\/08\/Logo-Novoclub-new.svg","contentUrl":"https:\/\/novomaticclub.com\/wp-content\/uploads\/2022\/08\/Logo-Novoclub-new.svg","width":240,"height":74,"caption":"Novomatic Club"},"image":{"@id":"https:\/\/novomaticclub.com\/#\/schema\/logo\/image\/"},"sameAs":["https:\/\/www.facebook.com\/NOVOMATIC\/"]}]}},"_links":{"self":[{"href":"https:\/\/novomaticclub.com\/es\/wp-json\/wp\/v2\/pages\/15742","targetHints":{"allow":["GET"]}}],"collection":[{"href":"https:\/\/novomaticclub.com\/es\/wp-json\/wp\/v2\/pages"}],"about":[{"href":"https:\/\/novomaticclub.com\/es\/wp-json\/wp\/v2\/types\/page"}],"author":[{"embeddable":true,"href":"https:\/\/novomaticclub.com\/es\/wp-json\/wp\/v2\/users\/1"}],"replies":[{"embeddable":true,"href":"https:\/\/novomaticclub.com\/es\/wp-json\/wp\/v2\/comments?post=15742"}],"version-history":[{"count":0,"href":"https:\/\/novomaticclub.com\/es\/wp-json\/wp\/v2\/pages\/15742\/revisions"}],"up":[{"embeddable":true,"href":"https:\/\/novomaticclub.com\/es\/wp-json\/wp\/v2\/pages\/15516"}],"wp:attachment":[{"href":"https:\/\/novomaticclub.com\/es\/wp-json\/wp\/v2\/media?parent=15742"}],"curies":[{"name":"wp","href":"https:\/\/api.w.org\/{rel}","templated":true}]}}