{"id":13716,"date":"2023-03-02T16:50:44","date_gmt":"2023-03-02T16:50:44","guid":{"rendered":"https:\/\/novomaticclub.com\/?page_id=13716"},"modified":"2024-02-02T07:36:25","modified_gmt":"2024-02-02T12:36:25","slug":"confirmacion","status":"publish","type":"page","link":"https:\/\/novomaticclub.com\/es\/confirmacion\/","title":{"rendered":"Confirmacion-co"},"content":{"rendered":"\t\t<div data-elementor-type=\"wp-page\" data-elementor-id=\"13716\" class=\"elementor elementor-13716\" data-elementor-post-type=\"page\">\n\t\t\t\t\t\t<section class=\"elementor-section elementor-top-section elementor-element elementor-element-59c6881b elementor-section-height-min-height elementor-section-content-middle elementor-section-boxed elementor-section-height-default elementor-section-items-middle\" data-id=\"59c6881b\" data-element_type=\"section\" data-e-type=\"section\" data-settings=\"{&quot;background_background&quot;:&quot;classic&quot;,&quot;jet_parallax_layout_list&quot;:[],&quot;ekit_has_onepagescroll_dot&quot;:&quot;yes&quot;}\">\n\t\t\t\t\t\t<div class=\"elementor-container elementor-column-gap-extended\">\n\t\t\t\t\t<div class=\"elementor-column elementor-col-100 elementor-top-column elementor-element elementor-element-2fbf7ffe\" data-id=\"2fbf7ffe\" data-element_type=\"column\" data-e-type=\"column\">\n\t\t\t<div class=\"elementor-widget-wrap\">\n\t\t\t\t\t\t\t<\/div>\n\t\t<\/div>\n\t\t\t\t\t<\/div>\n\t\t<\/section>\n\t\t\t\t<section class=\"elementor-section elementor-top-section elementor-element elementor-element-7e389c0 elementor-section-boxed elementor-section-height-default elementor-section-height-default\" data-id=\"7e389c0\" data-element_type=\"section\" data-e-type=\"section\" data-settings=\"{&quot;jet_parallax_layout_list&quot;:[],&quot;ekit_has_onepagescroll_dot&quot;:&quot;yes&quot;}\">\n\t\t\t\t\t\t<div class=\"elementor-container elementor-column-gap-default\">\n\t\t\t\t\t<div class=\"elementor-column elementor-col-50 elementor-top-column elementor-element elementor-element-8c2ffbb\" data-id=\"8c2ffbb\" data-element_type=\"column\" data-e-type=\"column\">\n\t\t\t<div class=\"elementor-widget-wrap elementor-element-populated\">\n\t\t\t\t\t\t<div class=\"elementor-element elementor-element-18adfe5 elementor-widget elementor-widget-heading\" data-id=\"18adfe5\" data-element_type=\"widget\" data-e-type=\"widget\" data-settings=\"{&quot;ekit_we_effect_on&quot;:&quot;none&quot;}\" data-widget_type=\"heading.default\">\n\t\t\t\t\t<h3 class=\"elementor-heading-title elementor-size-default\">TRANSACCI\u00d3N EN PROCESO<\/h3>\t\t\t\t<\/div>\n\t\t\t\t<div class=\"elementor-element elementor-element-5cec410 elementor-widget elementor-widget-text-editor\" data-id=\"5cec410\" data-element_type=\"widget\" data-e-type=\"widget\" data-settings=\"{&quot;ekit_we_effect_on&quot;:&quot;none&quot;}\" data-widget_type=\"text-editor.default\">\n\t\t\t\t\t\t\t\t\t<p>Tu transacci\u00f3n est\u00e1 siendo procesada. Pronto recibir\u00e1s la confirmaci\u00f3n con los detalles de la transacci\u00f3n en el correo electr\u00f3nico registrado durante el proceso de pago. Si tienes alguna pregunta o necesitas ayuda adicional, no dudes en contactarnos a trav\u00e9s de los siguientes correos electr\u00f3nicos:<\/p>\n<ul>\n<li><a href=\"mailto:aarana@novomatic.com.co\">aarana@novomatic.com.co<\/a><\/li>\n<li><a href=\"mailto:smartin@novomatic.com.co\">smartin@novomatic.com.co<\/a><\/li>\n<\/ul>\n<p>Estamos aqu\u00ed para ayudarte en todo lo que necesites. \u00a1Gracias por confiar en nosotros!&nbsp;<\/p>\t\t\t\t\t\t\t\t<\/div>\n\t\t\t\t<div class=\"elementor-element elementor-element-42d3736 elementor-widget elementor-widget-spacer\" data-id=\"42d3736\" data-element_type=\"widget\" data-e-type=\"widget\" data-settings=\"{&quot;ekit_we_effect_on&quot;:&quot;none&quot;}\" data-widget_type=\"spacer.default\">\n\t\t\t\t\t\t\t<div class=\"elementor-spacer\">\n\t\t\t<div class=\"elementor-spacer-inner\"><\/div>\n\t\t<\/div>\n\t\t\t\t\t\t<\/div>\n\t\t\t\t\t<\/div>\n\t\t<\/div>\n\t\t\t\t<div class=\"elementor-column elementor-col-50 elementor-top-column elementor-element elementor-element-fae3b32 elementor-hidden-mobile\" data-id=\"fae3b32\" data-element_type=\"column\" data-e-type=\"column\" data-settings=\"{&quot;background_background&quot;:&quot;classic&quot;}\">\n\t\t\t<div class=\"elementor-widget-wrap elementor-element-populated\">\n\t\t\t\t\t\t<div class=\"elementor-element elementor-element-3a32dba elementor-widget elementor-widget-heading\" data-id=\"3a32dba\" data-element_type=\"widget\" data-e-type=\"widget\" data-settings=\"{&quot;ekit_we_effect_on&quot;:&quot;none&quot;}\" data-widget_type=\"heading.default\">\n\t\t\t\t\t<h4 class=\"elementor-heading-title elementor-size-default\">ACTUALIDAD NOVOMATIC<\/h4>\t\t\t\t<\/div>\n\t\t\t\t\t<\/div>\n\t\t<\/div>\n\t\t\t\t\t<\/div>\n\t\t<\/section>\n\t\t\t\t<\/div>\n\t\t","protected":false},"excerpt":{"rendered":"<p>TRANSACCI\u00d3N EN PROCESO Tu transacci\u00f3n est\u00e1 siendo procesada. Pronto recibir\u00e1s la confirmaci\u00f3n con los detalles de la transacci\u00f3n en el correo electr\u00f3nico registrado durante el proceso de pago. Si tienes alguna pregunta o necesitas ayuda adicional, no dudes en contactarnos a trav\u00e9s de los siguientes correos electr\u00f3nicos: aarana@novomatic.com.co smartin@novomatic.com.co Estamos aqu\u00ed para ayudarte en todo [&hellip;]<\/p>\n","protected":false},"author":1,"featured_media":0,"parent":0,"menu_order":0,"comment_status":"closed","ping_status":"closed","template":"","meta":{"inline_featured_image":false,"_mi_skip_tracking":false,"_monsterinsights_sitenote_active":false,"_monsterinsights_sitenote_note":"","_monsterinsights_sitenote_category":0,"footnotes":""},"class_list":["post-13716","page","type-page","status-publish","hentry"],"yoast_head":"<!-- This site is optimized with the Yoast SEO Premium plugin v23.4 (Yoast SEO v27.3) - https:\/\/yoast.com\/product\/yoast-seo-premium-wordpress\/ -->\n<title>Confirmacion-co - NOVOMATIC CLUB<\/title>\n<meta name=\"description\" content=\"Tu transacci\u00f3n est\u00e1 siendo procesada. Pronto recibir\u00e1s la confirmaci\u00f3n con los detalles de la transacci\u00f3n en el correo electr\u00f3nico registrado durante el proceso de pago.\" \/>\n<meta name=\"robots\" content=\"index, nofollow, max-snippet:-1, max-image-preview:large, max-video-preview:-1\" \/>\n<link rel=\"canonical\" href=\"https:\/\/novomaticclub.com\/es\/confirmacion\/\" \/>\n<meta property=\"og:locale\" content=\"es_ES\" \/>\n<meta property=\"og:type\" content=\"article\" \/>\n<meta property=\"og:title\" content=\"Confirmacion-co\" \/>\n<meta property=\"og:description\" content=\"Tu transacci\u00f3n est\u00e1 siendo procesada. Pronto recibir\u00e1s la confirmaci\u00f3n con los detalles de la transacci\u00f3n en el correo electr\u00f3nico registrado durante el proceso de pago.\" \/>\n<meta property=\"og:url\" content=\"https:\/\/novomaticclub.com\/es\/confirmacion\/\" \/>\n<meta property=\"og:site_name\" content=\"NOVOMATIC CLUB\" \/>\n<meta property=\"article:publisher\" content=\"https:\/\/www.facebook.com\/NOVOMATIC\/\" \/>\n<meta property=\"article:modified_time\" content=\"2024-02-02T12:36:25+00:00\" \/>\n<meta property=\"og:image\" content=\"https:\/\/novomaticclub.com\/wp-content\/uploads\/elementor\/thumbs\/2-2-qj1ptgt3pvakb3nd4exbxfy6xe3asypg9mrxyaivg8.webp\" \/>\n<meta name=\"twitter:card\" content=\"summary_large_image\" \/>\n<meta name=\"twitter:label1\" content=\"Tiempo de lectura\" \/>\n\t<meta name=\"twitter:data1\" content=\"2 minutos\" \/>\n<script type=\"application\/ld+json\" class=\"yoast-schema-graph\">{\"@context\":\"https:\\\/\\\/schema.org\",\"@graph\":[{\"@type\":\"WebPage\",\"@id\":\"https:\\\/\\\/novomaticclub.com\\\/es\\\/confirmacion\\\/\",\"url\":\"https:\\\/\\\/novomaticclub.com\\\/es\\\/confirmacion\\\/\",\"name\":\"Confirmacion-co - NOVOMATIC CLUB\",\"isPartOf\":{\"@id\":\"https:\\\/\\\/novomaticclub.com\\\/#website\"},\"primaryImageOfPage\":{\"@id\":\"https:\\\/\\\/novomaticclub.com\\\/es\\\/confirmacion\\\/#primaryimage\"},\"image\":{\"@id\":\"https:\\\/\\\/novomaticclub.com\\\/es\\\/confirmacion\\\/#primaryimage\"},\"thumbnailUrl\":\"https:\\\/\\\/novomaticclub.com\\\/wp-content\\\/uploads\\\/elementor\\\/thumbs\\\/2-2-qj1ptgt3pvakb3nd4exbxfy6xe3asypg9mrxyaivg8.webp\",\"datePublished\":\"2023-03-02T16:50:44+00:00\",\"dateModified\":\"2024-02-02T12:36:25+00:00\",\"description\":\"Tu transacci\u00f3n est\u00e1 siendo procesada. Pronto recibir\u00e1s la confirmaci\u00f3n con los detalles de la transacci\u00f3n en el correo electr\u00f3nico registrado durante el proceso de pago.\",\"breadcrumb\":{\"@id\":\"https:\\\/\\\/novomaticclub.com\\\/es\\\/confirmacion\\\/#breadcrumb\"},\"inLanguage\":\"es\",\"potentialAction\":[{\"@type\":\"ReadAction\",\"target\":[\"https:\\\/\\\/novomaticclub.com\\\/es\\\/confirmacion\\\/\"]}]},{\"@type\":\"ImageObject\",\"inLanguage\":\"es\",\"@id\":\"https:\\\/\\\/novomaticclub.com\\\/es\\\/confirmacion\\\/#primaryimage\",\"url\":\"https:\\\/\\\/novomaticclub.com\\\/wp-content\\\/uploads\\\/elementor\\\/thumbs\\\/2-2-qj1ptgt3pvakb3nd4exbxfy6xe3asypg9mrxyaivg8.webp\",\"contentUrl\":\"https:\\\/\\\/novomaticclub.com\\\/wp-content\\\/uploads\\\/elementor\\\/thumbs\\\/2-2-qj1ptgt3pvakb3nd4exbxfy6xe3asypg9mrxyaivg8.webp\"},{\"@type\":\"BreadcrumbList\",\"@id\":\"https:\\\/\\\/novomaticclub.com\\\/es\\\/confirmacion\\\/#breadcrumb\",\"itemListElement\":[{\"@type\":\"ListItem\",\"position\":1,\"name\":\"Inicio\",\"item\":\"https:\\\/\\\/novomaticclub.com\\\/es\\\/\"},{\"@type\":\"ListItem\",\"position\":2,\"name\":\"Confirmacion-co\"}]},{\"@type\":\"WebSite\",\"@id\":\"https:\\\/\\\/novomaticclub.com\\\/#website\",\"url\":\"https:\\\/\\\/novomaticclub.com\\\/\",\"name\":\"NOVOMATIC CLUB\",\"description\":\"NOVOMATIC\",\"publisher\":{\"@id\":\"https:\\\/\\\/novomaticclub.com\\\/#organization\"},\"alternateName\":\"NOVOMATIC Club - NOVOMATIC Club\",\"potentialAction\":[{\"@type\":\"SearchAction\",\"target\":{\"@type\":\"EntryPoint\",\"urlTemplate\":\"https:\\\/\\\/novomaticclub.com\\\/?s={search_term_string}\"},\"query-input\":{\"@type\":\"PropertyValueSpecification\",\"valueRequired\":true,\"valueName\":\"search_term_string\"}}],\"inLanguage\":\"es\"},{\"@type\":\"Organization\",\"@id\":\"https:\\\/\\\/novomaticclub.com\\\/#organization\",\"name\":\"Novomatic Club\",\"alternateName\":\"NOVOMATIC Club - NOVOMATIC Club\",\"url\":\"https:\\\/\\\/novomaticclub.com\\\/\",\"logo\":{\"@type\":\"ImageObject\",\"inLanguage\":\"es\",\"@id\":\"https:\\\/\\\/novomaticclub.com\\\/#\\\/schema\\\/logo\\\/image\\\/\",\"url\":\"https:\\\/\\\/novomaticclub.com\\\/wp-content\\\/uploads\\\/2022\\\/08\\\/Logo-Novoclub-new.svg\",\"contentUrl\":\"https:\\\/\\\/novomaticclub.com\\\/wp-content\\\/uploads\\\/2022\\\/08\\\/Logo-Novoclub-new.svg\",\"width\":240,\"height\":74,\"caption\":\"Novomatic Club\"},\"image\":{\"@id\":\"https:\\\/\\\/novomaticclub.com\\\/#\\\/schema\\\/logo\\\/image\\\/\"},\"sameAs\":[\"https:\\\/\\\/www.facebook.com\\\/NOVOMATIC\\\/\"]}]}<\/script>\n<!-- \/ Yoast SEO Premium plugin. -->","yoast_head_json":{"title":"Confirmacion-co - NOVOMATIC CLUB","description":"Tu transacci\u00f3n est\u00e1 siendo procesada. Pronto recibir\u00e1s la confirmaci\u00f3n con los detalles de la transacci\u00f3n en el correo electr\u00f3nico registrado durante el proceso de pago.","robots":{"index":"index","follow":"nofollow","max-snippet":"max-snippet:-1","max-image-preview":"max-image-preview:large","max-video-preview":"max-video-preview:-1"},"canonical":"https:\/\/novomaticclub.com\/es\/confirmacion\/","og_locale":"es_ES","og_type":"article","og_title":"Confirmacion-co","og_description":"Tu transacci\u00f3n est\u00e1 siendo procesada. Pronto recibir\u00e1s la confirmaci\u00f3n con los detalles de la transacci\u00f3n en el correo electr\u00f3nico registrado durante el proceso de pago.","og_url":"https:\/\/novomaticclub.com\/es\/confirmacion\/","og_site_name":"NOVOMATIC CLUB","article_publisher":"https:\/\/www.facebook.com\/NOVOMATIC\/","article_modified_time":"2024-02-02T12:36:25+00:00","og_image":[{"url":"https:\/\/novomaticclub.com\/wp-content\/uploads\/elementor\/thumbs\/2-2-qj1ptgt3pvakb3nd4exbxfy6xe3asypg9mrxyaivg8.webp","type":"","width":"","height":""}],"twitter_card":"summary_large_image","twitter_misc":{"Tiempo de lectura":"2 minutos"},"schema":{"@context":"https:\/\/schema.org","@graph":[{"@type":"WebPage","@id":"https:\/\/novomaticclub.com\/es\/confirmacion\/","url":"https:\/\/novomaticclub.com\/es\/confirmacion\/","name":"Confirmacion-co - NOVOMATIC CLUB","isPartOf":{"@id":"https:\/\/novomaticclub.com\/#website"},"primaryImageOfPage":{"@id":"https:\/\/novomaticclub.com\/es\/confirmacion\/#primaryimage"},"image":{"@id":"https:\/\/novomaticclub.com\/es\/confirmacion\/#primaryimage"},"thumbnailUrl":"https:\/\/novomaticclub.com\/wp-content\/uploads\/elementor\/thumbs\/2-2-qj1ptgt3pvakb3nd4exbxfy6xe3asypg9mrxyaivg8.webp","datePublished":"2023-03-02T16:50:44+00:00","dateModified":"2024-02-02T12:36:25+00:00","description":"Tu transacci\u00f3n est\u00e1 siendo procesada. Pronto recibir\u00e1s la confirmaci\u00f3n con los detalles de la transacci\u00f3n en el correo electr\u00f3nico registrado durante el proceso de pago.","breadcrumb":{"@id":"https:\/\/novomaticclub.com\/es\/confirmacion\/#breadcrumb"},"inLanguage":"es","potentialAction":[{"@type":"ReadAction","target":["https:\/\/novomaticclub.com\/es\/confirmacion\/"]}]},{"@type":"ImageObject","inLanguage":"es","@id":"https:\/\/novomaticclub.com\/es\/confirmacion\/#primaryimage","url":"https:\/\/novomaticclub.com\/wp-content\/uploads\/elementor\/thumbs\/2-2-qj1ptgt3pvakb3nd4exbxfy6xe3asypg9mrxyaivg8.webp","contentUrl":"https:\/\/novomaticclub.com\/wp-content\/uploads\/elementor\/thumbs\/2-2-qj1ptgt3pvakb3nd4exbxfy6xe3asypg9mrxyaivg8.webp"},{"@type":"BreadcrumbList","@id":"https:\/\/novomaticclub.com\/es\/confirmacion\/#breadcrumb","itemListElement":[{"@type":"ListItem","position":1,"name":"Inicio","item":"https:\/\/novomaticclub.com\/es\/"},{"@type":"ListItem","position":2,"name":"Confirmacion-co"}]},{"@type":"WebSite","@id":"https:\/\/novomaticclub.com\/#website","url":"https:\/\/novomaticclub.com\/","name":"NOVOMATIC CLUB","description":"NOVOMATIC","publisher":{"@id":"https:\/\/novomaticclub.com\/#organization"},"alternateName":"NOVOMATIC Club - NOVOMATIC Club","potentialAction":[{"@type":"SearchAction","target":{"@type":"EntryPoint","urlTemplate":"https:\/\/novomaticclub.com\/?s={search_term_string}"},"query-input":{"@type":"PropertyValueSpecification","valueRequired":true,"valueName":"search_term_string"}}],"inLanguage":"es"},{"@type":"Organization","@id":"https:\/\/novomaticclub.com\/#organization","name":"Novomatic Club","alternateName":"NOVOMATIC Club - NOVOMATIC Club","url":"https:\/\/novomaticclub.com\/","logo":{"@type":"ImageObject","inLanguage":"es","@id":"https:\/\/novomaticclub.com\/#\/schema\/logo\/image\/","url":"https:\/\/novomaticclub.com\/wp-content\/uploads\/2022\/08\/Logo-Novoclub-new.svg","contentUrl":"https:\/\/novomaticclub.com\/wp-content\/uploads\/2022\/08\/Logo-Novoclub-new.svg","width":240,"height":74,"caption":"Novomatic Club"},"image":{"@id":"https:\/\/novomaticclub.com\/#\/schema\/logo\/image\/"},"sameAs":["https:\/\/www.facebook.com\/NOVOMATIC\/"]}]}},"_links":{"self":[{"href":"https:\/\/novomaticclub.com\/es\/wp-json\/wp\/v2\/pages\/13716","targetHints":{"allow":["GET"]}}],"collection":[{"href":"https:\/\/novomaticclub.com\/es\/wp-json\/wp\/v2\/pages"}],"about":[{"href":"https:\/\/novomaticclub.com\/es\/wp-json\/wp\/v2\/types\/page"}],"author":[{"embeddable":true,"href":"https:\/\/novomaticclub.com\/es\/wp-json\/wp\/v2\/users\/1"}],"replies":[{"embeddable":true,"href":"https:\/\/novomaticclub.com\/es\/wp-json\/wp\/v2\/comments?post=13716"}],"version-history":[{"count":0,"href":"https:\/\/novomaticclub.com\/es\/wp-json\/wp\/v2\/pages\/13716\/revisions"}],"wp:attachment":[{"href":"https:\/\/novomaticclub.com\/es\/wp-json\/wp\/v2\/media?parent=13716"}],"curies":[{"name":"wp","href":"https:\/\/api.w.org\/{rel}","templated":true}]}}