{"id":1258,"date":"2022-09-30T02:14:46","date_gmt":"2022-09-30T02:14:46","guid":{"rendered":"https:\/\/novomaticclub.com\/?page_id=1258"},"modified":"2025-06-06T17:22:54","modified_gmt":"2025-06-06T22:22:54","slug":"registro","status":"publish","type":"page","link":"https:\/\/novomaticclub.com\/es\/co\/registro\/","title":{"rendered":"Registro"},"content":{"rendered":"\t\t<div data-elementor-type=\"wp-page\" data-elementor-id=\"1258\" class=\"elementor elementor-1258\" data-elementor-post-type=\"page\">\n\t\t\t\t\t\t<section class=\"dce-visibility-event elementor-section elementor-top-section elementor-element elementor-element-fe066c4 elementor-section-height-min-height elementor-section-content-middle elementor-section-boxed elementor-section-height-default elementor-section-items-middle\" data-id=\"fe066c4\" data-element_type=\"section\" data-e-type=\"section\" data-settings=\"{&quot;background_background&quot;:&quot;classic&quot;,&quot;jet_parallax_layout_list&quot;:[],&quot;enabled_visibility&quot;:&quot;yes&quot;,&quot;dce_visibility_selected&quot;:&quot;yes&quot;,&quot;ekit_has_onepagescroll_dot&quot;:&quot;yes&quot;}\">\n\t\t\t\t\t\t<div class=\"elementor-container elementor-column-gap-no\">\n\t\t\t\t\t<div class=\"elementor-column elementor-col-100 elementor-top-column elementor-element elementor-element-bb4fd8b\" data-id=\"bb4fd8b\" data-element_type=\"column\" data-e-type=\"column\" data-settings=\"{&quot;background_background&quot;:&quot;classic&quot;}\">\n\t\t\t<div class=\"elementor-widget-wrap\">\n\t\t\t\t\t\t\t<\/div>\n\t\t<\/div>\n\t\t\t\t\t<\/div>\n\t\t<\/section>\n\t\t\t\t<section class=\"elementor-section elementor-top-section elementor-element elementor-element-31272840 elementor-section-boxed elementor-section-height-default elementor-section-height-default\" data-id=\"31272840\" data-element_type=\"section\" data-e-type=\"section\" data-settings=\"{&quot;jet_parallax_layout_list&quot;:[],&quot;ekit_has_onepagescroll_dot&quot;:&quot;yes&quot;}\">\n\t\t\t\t\t\t<div class=\"elementor-container elementor-column-gap-no\">\n\t\t\t\t\t<div class=\"elementor-column elementor-col-50 elementor-top-column elementor-element elementor-element-48123151\" data-id=\"48123151\" data-element_type=\"column\" data-e-type=\"column\">\n\t\t\t<div class=\"elementor-widget-wrap elementor-element-populated\">\n\t\t\t\t\t\t<div class=\"elementor-element elementor-element-435b1c0 elementor-align-center elementor-mobile-align-center elementor-widget__width-initial elementor-widget-mobile__width-initial elementor-hidden-desktop elementor-hidden-tablet elementor-hidden-mobile elementor-widget elementor-widget-button\" data-id=\"435b1c0\" data-element_type=\"widget\" data-e-type=\"widget\" data-settings=\"{&quot;ekit_we_effect_on&quot;:&quot;none&quot;}\" data-widget_type=\"button.default\">\n\t\t\t\t\t\t\t\t\t\t<a class=\"elementor-button elementor-button-link elementor-size-sm\" href=\"https:\/\/novomaticclub.com\/sorteo\/\">\n\t\t\t\t\t\t<span class=\"elementor-button-content-wrapper\">\n\t\t\t\t\t\t\t\t\t<span class=\"elementor-button-text\">NOVOSORTEO | Quiero participar<\/span>\n\t\t\t\t\t<\/span>\n\t\t\t\t\t<\/a>\n\t\t\t\t\t\t\t\t<\/div>\n\t\t\t\t<div class=\"elementor-element elementor-element-211422a0 elementor-widget-tablet__width-initial elementor-widget elementor-widget-heading\" data-id=\"211422a0\" data-element_type=\"widget\" data-e-type=\"widget\" data-settings=\"{&quot;ekit_we_effect_on&quot;:&quot;none&quot;}\" data-widget_type=\"heading.default\">\n\t\t\t\t\t<h1 class=\"elementor-heading-title elementor-size-default\">FORMULARIO DE SUSCRIPCI\u00d3N<\/h1>\t\t\t\t<\/div>\n\t\t\t\t<div class=\"elementor-element elementor-element-34854bee elementor-widget elementor-widget-text-editor\" data-id=\"34854bee\" data-element_type=\"widget\" data-e-type=\"widget\" data-settings=\"{&quot;ekit_we_effect_on&quot;:&quot;none&quot;}\" data-widget_type=\"text-editor.default\">\n\t\t\t\t\t\t\t\t\t<p>Por favor rellene todos los campos del formulario , una vez enviado en la bandeja de entrada del correo electr\u00f3nico registrado llegara una confirmaci\u00f3n para aceptar la suscripci\u00f3n.<\/p>\t\t\t\t\t\t\t\t<\/div>\n\t\t\t\t<div class=\"elementor-element elementor-element-a0365ba elementor-widget elementor-widget-formidable\" data-id=\"a0365ba\" data-element_type=\"widget\" data-e-type=\"widget\" data-settings=\"{&quot;ekit_we_effect_on&quot;:&quot;none&quot;}\" data-widget_type=\"formidable.default\">\n\t\t\t\t<div class=\"elementor-widget-container\">\n\t\t\t\t\t<link rel='stylesheet' id='formidable-css' href='https:\/\/novomaticclub.com\/wp-content\/plugins\/formidable\/css\/formidableforms.css' media='all' \/>\n<div class=\"frm_forms  with_frm_style frm_style_estilos-formidable\" id=\"frm_form_2_container\" data-token=\"640419e8bbe4c9fdec2ee1deeff99171\">\n<form enctype=\"multipart\/form-data\" method=\"post\" class=\"frm-show-form  frm_pro_form \" id=\"form_suscribete\" data-token=\"640419e8bbe4c9fdec2ee1deeff99171\">\n<div class=\"frm_form_fields \">\n<fieldset>\n<legend class=\"frm_screen_reader\">Suscribete<\/legend>\r\n\r\n<div class=\"frm_fields_container\">\n<input type=\"hidden\" name=\"frm_action\" value=\"create\" \/>\n<input type=\"hidden\" name=\"form_id\" value=\"2\" \/>\n<input type=\"hidden\" name=\"frm_hide_fields_2\" id=\"frm_hide_fields_2\" value=\"\" \/>\n<input type=\"hidden\" name=\"form_key\" value=\"suscribete\" \/>\n<input type=\"hidden\" name=\"item_meta[0]\" value=\"\" \/>\n<input type=\"hidden\" id=\"frm_submit_entry_2\" name=\"frm_submit_entry_2\" value=\"75a46612fb\" \/><input type=\"hidden\" name=\"_wp_http_referer\" value=\"\/es\/wp-json\/wp\/v2\/pages\/1258\" \/><div id=\"frm_field_6_container\" class=\"frm_form_field form-field  frm_required_field frm_top_container\">\r\n    <div  id=\"field_1qe9a_label\" class=\"frm_primary_label\">Nombres y Apellidos\r\n        <span class=\"frm_required\" aria-hidden=\"true\">*<\/span>\r\n    <\/div>\r\n    <fieldset aria-labelledby=\"field_1qe9a_label\">\n\t<legend class=\"frm_screen_reader frm_hidden\">\n\t\tNombres y Apellidos\t<\/legend>\n\n\t<div  class=\"frm_combo_inputs_container\" id=\"frm_combo_inputs_container_6\" data-name-layout=\"first_last\">\n\t\t\t\t\t<div\n\t\t\t\tid=\"frm_field_6-first_container\"\n\t\t\t\tclass=\"frm_form_field form-field frm_form_subfield-first  frm6\"\n\t\t\t\tdata-sub-field-name=\"first\"\n\t\t\t>\n\t\t\t\t<label for=\"field_1qe9a_first\" class=\"frm_screen_reader frm_hidden\">\n\t\t\t\t\tNombre\/Name\t\t\t\t<\/label>\n\n\t\t\t\t<input  type=\"text\" id=\"field_1qe9a_first\" value=\"\" name=\"item_meta[6][first]\" data-reqmsg=\"Este campo no puede quedarse vac\u00edo.\" aria-required=\"true\" data-invmsg=\"Nombres y Apellidos no es v\u00e1lido\" aria-invalid=\"false\"  \/><div class=\"frm_description\" id=\"frm_field_6_first_desc\">Nombre\/Name<\/div>\t\t\t<\/div>\n\t\t\t\t\t\t<div\n\t\t\t\tid=\"frm_field_6-last_container\"\n\t\t\t\tclass=\"frm_form_field form-field frm_form_subfield-last  frm6\"\n\t\t\t\tdata-sub-field-name=\"last\"\n\t\t\t>\n\t\t\t\t<label for=\"field_1qe9a_last\" class=\"frm_screen_reader frm_hidden\">\n\t\t\t\t\tApellidos\/Last name\t\t\t\t<\/label>\n\n\t\t\t\t<input  type=\"text\" id=\"field_1qe9a_last\" value=\"\" name=\"item_meta[6][last]\" data-reqmsg=\"Este campo no puede quedarse vac\u00edo.\" aria-required=\"true\" data-invmsg=\"Nombres y Apellidos no es v\u00e1lido\" aria-invalid=\"false\"  \/><div class=\"frm_description\" id=\"frm_field_6_last_desc\">Apellidos\/Last name<\/div>\t\t\t<\/div>\n\t\t\t\t<\/div>\n<\/fieldset>\n\r\n    \r\n    \r\n<\/div>\n<div id=\"frm_field_7_container\" class=\"frm_form_field form-field  frm_required_field frm_top_container\">\r\n    <label for=\"field_xitd6\" id=\"field_xitd6_label\" class=\"frm_primary_label\">Empresa\/Company\r\n        <span class=\"frm_required\" aria-hidden=\"true\">*<\/span>\r\n    <\/label>\r\n    <input type=\"text\" id=\"field_xitd6\" name=\"item_meta[7]\" value=\"\"  data-reqmsg=\"Este campo no puede quedarse vac\u00edo.\" aria-required=\"true\" data-invmsg=\"Texto no es v\u00e1lido\" aria-invalid=\"false\"  \/>\r\n    \r\n    \r\n<\/div>\n<div id=\"frm_field_8_container\" class=\"frm_form_field form-field  frm_required_field frm_top_container\">\r\n    <label for=\"field_2u7o9\" id=\"field_2u7o9_label\" class=\"frm_primary_label\">Email\r\n        <span class=\"frm_required\" aria-hidden=\"true\">*<\/span>\r\n    <\/label>\r\n    <input type=\"email\" id=\"field_2u7o9\" name=\"item_meta[8]\" value=\"\"  data-reqmsg=\"Este campo no puede quedarse vac\u00edo.\" aria-required=\"true\" data-invmsg=\"Correo electr\u00f3nico no es v\u00e1lido\" aria-invalid=\"false\"  \/>\r\n    \r\n    \r\n<\/div>\n<input type=\"hidden\" name=\"item_meta[47]\" id=\"field_t9aix\" value=\"216.73.216.83\"  data-frmval=\"216.73.216.83\"   \/>\n<div id=\"frm_field_9_container\" class=\"frm_form_field form-field  frm_top_container\">\r\n    <label for=\"field_cas5b\" id=\"field_cas5b_label\" class=\"frm_primary_label\">Tel\u00e9fono\/Phone\r\n        <span class=\"frm_required\" aria-hidden=\"true\"><\/span>\r\n    <\/label>\r\n    <input type=\"tel\" id=\"field_cas5b\" name=\"item_meta[9]\" value=\"\"  data-frmmask=\"(999)-999-9999\" data-invmsg=\"Tel\u00e9fono no es v\u00e1lido\" aria-invalid=\"false\" pattern=\"\\(\\d\\d\\d\\)-\\d\\d\\d-\\d\\d\\d\\d$\"  \/>\r\n    \r\n    \r\n<\/div>\n<div id=\"frm_field_14_container\" class=\"frm_form_field form-field  frm_required_field frm_top_container frm_other_container\">\r\n    <label for=\"field_tfx08\" id=\"field_tfx08_label\" class=\"frm_primary_label\">Ubicaci\u00f3n\/Location\r\n        <span class=\"frm_required\" aria-hidden=\"true\">*<\/span>\r\n    <\/label>\r\n    \t\t<select name=\"item_meta[14]\" id=\"field_tfx08\"  data-reqmsg=\"Este campo no puede quedarse vac\u00edo.\" aria-required=\"true\" data-invmsg=\"Ubicaci\u00f3n\/Location no es v\u00e1lido\" aria-invalid=\"false\"  >\n\t\t<option  value=\"\" selected='selected'> <\/option><option  value=\"Argentina\">Argentina<\/option><option  value=\"Centroam\u00e9rica\">Centroam\u00e9rica<\/option><option  value=\"Colombia\">Colombia<\/option><option  value=\"Ecuador\" class=\"frm_other_trigger\">Ecuador<\/option><option  value=\"Per\u00fa\">Per\u00fa<\/option><option  value=\"Mex\u00edco\">Mex\u00edco<\/option>\t<\/select>\n\t<label for=\"field_tfx08-otext\" class=\"frm_screen_reader frm_hidden\">Ubicaci\u00f3n\/Location<\/label><input type=\"text\" id=\"field_tfx08-otext\" class=\"frm_other_input frm_pos_none\"  name=\"item_meta[other][14]\" value=\"\" \/>\r\n    \r\n    \r\n<\/div>\n<div id=\"frm_field_11_container\" class=\"frm_form_field form-field  frm_none_container\">\r\n    <label for=\"g-recaptcha-response\" id=\"field_qe1rb_label\" class=\"frm_primary_label\">reCAPTCHA\r\n        <span class=\"frm_required\" aria-hidden=\"true\"><\/span>\r\n    <\/label>\r\n    <div  id=\"field_qe1rb\" class=\"frm-g-recaptcha\" data-sitekey=\"6LeR7kUkAAAAAKRDEarXgypwBFoYJe2Y6Z584UOx\" data-size=\"normal\" data-theme=\"light\"><\/div>\r\n    \r\n    \r\n<\/div>\n<div id=\"frm_field_12_container\" class=\"frm_form_field form-field  frm_required_field frm_top_container frm12 frm_first vertical_radio\">\r\n    <div  id=\"field_s3qlf_label\" class=\"frm_primary_label\">Condiciones\/Conditions\r\n        <span class=\"frm_required\" aria-hidden=\"true\">*<\/span>\r\n    <\/div>\r\n    <div class=\"frm_opt_container\" aria-labelledby=\"field_s3qlf_label\" role=\"group\">\t\t<div class=\"frm_checkbox\" id=\"frm_checkbox_12-0\">\t\t\t<label  for=\"field_s3qlf-0\">\n\t\t\t<input type=\"checkbox\" name=\"item_meta[12][]\" id=\"field_s3qlf-0\" value=\"Acepto las condiciones y recibir sus correos electronicos.\/I accept the conditions and receive your emails.\"  data-reqmsg=\"Este campo no puede quedarse vac\u00edo.\" data-invmsg=\"Condiciones\/Conditions no es v\u00e1lido\"   aria-required=\"true\"  \/> Acepto las condiciones y recibir sus correos electronicos.\/I accept the conditions and receive your emails.<\/label><\/div>\n<\/div>\r\n    <div class=\"frm_description\" id=\"frm_desc_field_s3qlf\"> Puede cancelar su suscripci\u00f3n cuando quiera mediante correo electronico a info@novomatic.com.co. Consulte nuestra politica de provacidad para mas informaci\u00f3n.\/ You can cancel your subscription at any time by emailing info@novomatic.com.co. Consult our privacy policy for more information<\/div>\r\n    \r\n<\/div>\n<input type=\"hidden\" name=\"item_meta[28]\" id=\"field_tmdlm\" value=\"\" data-frmval=\"\"\/>\n<input type=\"hidden\" name=\"item_meta[53]\" id=\"field_atsd2-0\" value=\"\"     \/>\n<div id=\"frm_field_57_container\" class=\"frm_form_field form-field \">\r\n\t<div class=\"frm_submit\">\r\n\r\n<button class=\"frm_button_submit frm_final_submit\" type=\"submit\"   formnovalidate=\"formnovalidate\">SUSCRIBIRSE<\/button>\r\n\r\n\r\n<\/div>\r\n<\/div>\n\t<input type=\"hidden\" name=\"item_key\" value=\"\" \/>\n\t\t\t<div id=\"frm_field_59_container\">\n\t\t\t<label for=\"field_rbjjs\" >\n\t\t\t\tSi eres humano, deja este campo en blanco.\t\t\t<\/label>\n\t\t\t<input  id=\"field_rbjjs\" type=\"text\" class=\"frm_form_field form-field frm_verify\" name=\"item_meta[59]\" value=\"\"  \/>\n\t\t<\/div>\n\t\t<input type=\"hidden\" name=\"frm_register[email]\" value=\"8\"\/><input type=\"hidden\" name=\"frm_register[username]\" value=\"\"\/><input type=\"hidden\" name=\"frm_register[password]\" value=\"47\"\/><input type=\"hidden\" name=\"frm_register[subsite_title]\" value=\"username\"\/><input type=\"hidden\" name=\"frm_register[subsite_domain]\" value=\"blog_title\"\/><input name=\"frm_state\" type=\"hidden\" value=\"cURxLpggHQ5NyFfu8fmVKbkfvcE0BnmKS\/xkJqZDIhQPexaCGH4UxlatqK7JuriH\" \/><\/div>\n<\/fieldset>\n<\/div>\n\n<p style=\"display: none !important;\" class=\"akismet-fields-container\" data-prefix=\"ak_\"><label>&#916;<textarea name=\"ak_hp_textarea\" cols=\"45\" rows=\"8\" maxlength=\"100\"><\/textarea><\/label><input type=\"hidden\" id=\"ak_js_1\" name=\"ak_js\" value=\"140\"\/><script>document.getElementById( \"ak_js_1\" ).setAttribute( \"value\", ( new Date() ).getTime() );<\/script><\/p><\/form>\n<\/div>\n\t\t\t\t<\/div>\n\t\t\t\t<\/div>\n\t\t\t\t\t<\/div>\n\t\t<\/div>\n\t\t\t\t<div class=\"elementor-column elementor-col-50 elementor-top-column elementor-element elementor-element-537f2060\" data-id=\"537f2060\" data-element_type=\"column\" data-e-type=\"column\">\n\t\t\t<div class=\"elementor-widget-wrap elementor-element-populated\">\n\t\t\t\t\t\t<div class=\"elementor-element elementor-element-2fcf884 elementor-widget elementor-widget-image\" data-id=\"2fcf884\" data-element_type=\"widget\" data-e-type=\"widget\" data-settings=\"{&quot;ekit_we_effect_on&quot;:&quot;none&quot;}\" data-widget_type=\"image.default\">\n\t\t\t\t\t\t\t\t\t\t\t\t\t\t\t<img fetchpriority=\"high\" decoding=\"async\" width=\"683\" height=\"1024\" src=\"https:\/\/novomaticclub.com\/wp-content\/uploads\/2022\/09\/Impera-Balck-edition-2-683x1024.webp\" class=\"attachment-large size-large wp-image-1262\" alt=\"\" srcset=\"https:\/\/novomaticclub.com\/wp-content\/uploads\/2022\/09\/Impera-Balck-edition-2-683x1024.webp 683w, https:\/\/novomaticclub.com\/wp-content\/uploads\/2022\/09\/Impera-Balck-edition-2-200x300.webp 200w, https:\/\/novomaticclub.com\/wp-content\/uploads\/2022\/09\/Impera-Balck-edition-2-768x1152.webp 768w, https:\/\/novomaticclub.com\/wp-content\/uploads\/2022\/09\/Impera-Balck-edition-2-1024x1536.webp 1024w, https:\/\/novomaticclub.com\/wp-content\/uploads\/2022\/09\/Impera-Balck-edition-2.webp 1365w\" sizes=\"(max-width: 683px) 100vw, 683px\" \/>\t\t\t\t\t\t\t\t\t\t\t\t\t\t\t<\/div>\n\t\t\t\t\t<\/div>\n\t\t<\/div>\n\t\t\t\t\t<\/div>\n\t\t<\/section>\n\t\t\t\t<\/div>\n\t\t","protected":false},"excerpt":{"rendered":"<p>NOVOSORTEO | Quiero participar FORMULARIO DE SUSCRIPCI\u00d3N Por favor rellene todos los campos del formulario , una vez enviado en la bandeja de entrada del correo electr\u00f3nico registrado llegara una confirmaci\u00f3n para aceptar la suscripci\u00f3n. Suscribete Nombres y Apellidos * Nombres y Apellidos Nombre\/Name Nombre\/Name Apellidos\/Last name Apellidos\/Last name Empresa\/Company * Email * Password Tel\u00e9fono\/Phone [&hellip;]<\/p>\n","protected":false},"author":1,"featured_media":0,"parent":118,"menu_order":30,"comment_status":"closed","ping_status":"closed","template":"","meta":{"inline_featured_image":false,"_mi_skip_tracking":false,"_monsterinsights_sitenote_active":false,"_monsterinsights_sitenote_note":"","_monsterinsights_sitenote_category":0,"footnotes":""},"class_list":["post-1258","page","type-page","status-publish","hentry"],"yoast_head":"<!-- This site is optimized with the Yoast SEO Premium plugin v23.4 (Yoast SEO v27.3) - https:\/\/yoast.com\/product\/yoast-seo-premium-wordpress\/ -->\n<title>Registro - NOVOMATIC CLUB<\/title>\n<meta name=\"description\" content=\"En esta app web encontrar\u00e1 video tutoriales y capacitaciones para consulta online y softwares y actualizaciones descargables;\" \/>\n<meta name=\"robots\" content=\"index, follow, max-snippet:-1, max-image-preview:large, max-video-preview:-1\" \/>\n<link rel=\"canonical\" href=\"https:\/\/novomaticclub.com\/es\/co\/registro\/\" \/>\n<meta property=\"og:locale\" content=\"es_ES\" \/>\n<meta property=\"og:type\" content=\"article\" \/>\n<meta property=\"og:title\" content=\"Registro\" \/>\n<meta property=\"og:description\" content=\"En esta app web encontrar\u00e1 video tutoriales y capacitaciones para consulta online y softwares y actualizaciones descargables;\" \/>\n<meta property=\"og:url\" content=\"https:\/\/novomaticclub.com\/es\/co\/registro\/\" \/>\n<meta property=\"og:site_name\" content=\"NOVOMATIC CLUB\" \/>\n<meta property=\"article:publisher\" content=\"https:\/\/www.facebook.com\/NOVOMATIC\/\" \/>\n<meta property=\"article:modified_time\" content=\"2025-06-06T22:22:54+00:00\" \/>\n<meta property=\"og:image\" content=\"https:\/\/novomaticclub.com\/wp-content\/uploads\/2022\/09\/Impera-Balck-edition-2-683x1024.webp\" \/>\n<meta name=\"twitter:card\" content=\"summary_large_image\" \/>\n<meta name=\"twitter:label1\" content=\"Tiempo de lectura\" \/>\n\t<meta name=\"twitter:data1\" content=\"1 minuto\" \/>\n<script type=\"application\/ld+json\" class=\"yoast-schema-graph\">{\"@context\":\"https:\\\/\\\/schema.org\",\"@graph\":[{\"@type\":\"WebPage\",\"@id\":\"https:\\\/\\\/novomaticclub.com\\\/co\\\/registro\\\/\",\"url\":\"https:\\\/\\\/novomaticclub.com\\\/co\\\/registro\\\/\",\"name\":\"Registro - NOVOMATIC CLUB\",\"isPartOf\":{\"@id\":\"https:\\\/\\\/novomaticclub.com\\\/#website\"},\"primaryImageOfPage\":{\"@id\":\"https:\\\/\\\/novomaticclub.com\\\/co\\\/registro\\\/#primaryimage\"},\"image\":{\"@id\":\"https:\\\/\\\/novomaticclub.com\\\/co\\\/registro\\\/#primaryimage\"},\"thumbnailUrl\":\"https:\\\/\\\/novomaticclub.com\\\/wp-content\\\/uploads\\\/2022\\\/09\\\/Impera-Balck-edition-2-683x1024.webp\",\"datePublished\":\"2022-09-30T02:14:46+00:00\",\"dateModified\":\"2025-06-06T22:22:54+00:00\",\"description\":\"En esta app web encontrar\u00e1 video tutoriales y capacitaciones para consulta online y softwares y actualizaciones descargables;\",\"breadcrumb\":{\"@id\":\"https:\\\/\\\/novomaticclub.com\\\/co\\\/registro\\\/#breadcrumb\"},\"inLanguage\":\"es\",\"potentialAction\":[{\"@type\":\"ReadAction\",\"target\":[\"https:\\\/\\\/novomaticclub.com\\\/co\\\/registro\\\/\"]}]},{\"@type\":\"ImageObject\",\"inLanguage\":\"es\",\"@id\":\"https:\\\/\\\/novomaticclub.com\\\/co\\\/registro\\\/#primaryimage\",\"url\":\"https:\\\/\\\/novomaticclub.com\\\/wp-content\\\/uploads\\\/2022\\\/09\\\/Impera-Balck-edition-2-683x1024.webp\",\"contentUrl\":\"https:\\\/\\\/novomaticclub.com\\\/wp-content\\\/uploads\\\/2022\\\/09\\\/Impera-Balck-edition-2-683x1024.webp\"},{\"@type\":\"BreadcrumbList\",\"@id\":\"https:\\\/\\\/novomaticclub.com\\\/co\\\/registro\\\/#breadcrumb\",\"itemListElement\":[{\"@type\":\"ListItem\",\"position\":1,\"name\":\"Inicio\",\"item\":\"https:\\\/\\\/novomaticclub.com\\\/es\\\/\"},{\"@type\":\"ListItem\",\"position\":2,\"name\":\"NOVOMATIC Colombia\",\"item\":\"https:\\\/\\\/novomaticclub.com\\\/co\\\/\"},{\"@type\":\"ListItem\",\"position\":3,\"name\":\"Registro\"}]},{\"@type\":\"WebSite\",\"@id\":\"https:\\\/\\\/novomaticclub.com\\\/#website\",\"url\":\"https:\\\/\\\/novomaticclub.com\\\/\",\"name\":\"NOVOMATIC CLUB\",\"description\":\"NOVOMATIC\",\"publisher\":{\"@id\":\"https:\\\/\\\/novomaticclub.com\\\/#organization\"},\"alternateName\":\"NOVOMATIC Club - NOVOMATIC Club\",\"potentialAction\":[{\"@type\":\"SearchAction\",\"target\":{\"@type\":\"EntryPoint\",\"urlTemplate\":\"https:\\\/\\\/novomaticclub.com\\\/?s={search_term_string}\"},\"query-input\":{\"@type\":\"PropertyValueSpecification\",\"valueRequired\":true,\"valueName\":\"search_term_string\"}}],\"inLanguage\":\"es\"},{\"@type\":\"Organization\",\"@id\":\"https:\\\/\\\/novomaticclub.com\\\/#organization\",\"name\":\"Novomatic Club\",\"alternateName\":\"NOVOMATIC Club - NOVOMATIC Club\",\"url\":\"https:\\\/\\\/novomaticclub.com\\\/\",\"logo\":{\"@type\":\"ImageObject\",\"inLanguage\":\"es\",\"@id\":\"https:\\\/\\\/novomaticclub.com\\\/#\\\/schema\\\/logo\\\/image\\\/\",\"url\":\"https:\\\/\\\/novomaticclub.com\\\/wp-content\\\/uploads\\\/2022\\\/08\\\/Logo-Novoclub-new.svg\",\"contentUrl\":\"https:\\\/\\\/novomaticclub.com\\\/wp-content\\\/uploads\\\/2022\\\/08\\\/Logo-Novoclub-new.svg\",\"width\":240,\"height\":74,\"caption\":\"Novomatic Club\"},\"image\":{\"@id\":\"https:\\\/\\\/novomaticclub.com\\\/#\\\/schema\\\/logo\\\/image\\\/\"},\"sameAs\":[\"https:\\\/\\\/www.facebook.com\\\/NOVOMATIC\\\/\"]}]}<\/script>\n<!-- \/ Yoast SEO Premium plugin. -->","yoast_head_json":{"title":"Registro - NOVOMATIC CLUB","description":"En esta app web encontrar\u00e1 video tutoriales y capacitaciones para consulta online y softwares y actualizaciones descargables;","robots":{"index":"index","follow":"follow","max-snippet":"max-snippet:-1","max-image-preview":"max-image-preview:large","max-video-preview":"max-video-preview:-1"},"canonical":"https:\/\/novomaticclub.com\/es\/co\/registro\/","og_locale":"es_ES","og_type":"article","og_title":"Registro","og_description":"En esta app web encontrar\u00e1 video tutoriales y capacitaciones para consulta online y softwares y actualizaciones descargables;","og_url":"https:\/\/novomaticclub.com\/es\/co\/registro\/","og_site_name":"NOVOMATIC CLUB","article_publisher":"https:\/\/www.facebook.com\/NOVOMATIC\/","article_modified_time":"2025-06-06T22:22:54+00:00","og_image":[{"url":"https:\/\/novomaticclub.com\/wp-content\/uploads\/2022\/09\/Impera-Balck-edition-2-683x1024.webp","type":"","width":"","height":""}],"twitter_card":"summary_large_image","twitter_misc":{"Tiempo de lectura":"1 minuto"},"schema":{"@context":"https:\/\/schema.org","@graph":[{"@type":"WebPage","@id":"https:\/\/novomaticclub.com\/co\/registro\/","url":"https:\/\/novomaticclub.com\/co\/registro\/","name":"Registro - NOVOMATIC CLUB","isPartOf":{"@id":"https:\/\/novomaticclub.com\/#website"},"primaryImageOfPage":{"@id":"https:\/\/novomaticclub.com\/co\/registro\/#primaryimage"},"image":{"@id":"https:\/\/novomaticclub.com\/co\/registro\/#primaryimage"},"thumbnailUrl":"https:\/\/novomaticclub.com\/wp-content\/uploads\/2022\/09\/Impera-Balck-edition-2-683x1024.webp","datePublished":"2022-09-30T02:14:46+00:00","dateModified":"2025-06-06T22:22:54+00:00","description":"En esta app web encontrar\u00e1 video tutoriales y capacitaciones para consulta online y softwares y actualizaciones descargables;","breadcrumb":{"@id":"https:\/\/novomaticclub.com\/co\/registro\/#breadcrumb"},"inLanguage":"es","potentialAction":[{"@type":"ReadAction","target":["https:\/\/novomaticclub.com\/co\/registro\/"]}]},{"@type":"ImageObject","inLanguage":"es","@id":"https:\/\/novomaticclub.com\/co\/registro\/#primaryimage","url":"https:\/\/novomaticclub.com\/wp-content\/uploads\/2022\/09\/Impera-Balck-edition-2-683x1024.webp","contentUrl":"https:\/\/novomaticclub.com\/wp-content\/uploads\/2022\/09\/Impera-Balck-edition-2-683x1024.webp"},{"@type":"BreadcrumbList","@id":"https:\/\/novomaticclub.com\/co\/registro\/#breadcrumb","itemListElement":[{"@type":"ListItem","position":1,"name":"Inicio","item":"https:\/\/novomaticclub.com\/es\/"},{"@type":"ListItem","position":2,"name":"NOVOMATIC Colombia","item":"https:\/\/novomaticclub.com\/co\/"},{"@type":"ListItem","position":3,"name":"Registro"}]},{"@type":"WebSite","@id":"https:\/\/novomaticclub.com\/#website","url":"https:\/\/novomaticclub.com\/","name":"NOVOMATIC CLUB","description":"NOVOMATIC","publisher":{"@id":"https:\/\/novomaticclub.com\/#organization"},"alternateName":"NOVOMATIC Club - NOVOMATIC Club","potentialAction":[{"@type":"SearchAction","target":{"@type":"EntryPoint","urlTemplate":"https:\/\/novomaticclub.com\/?s={search_term_string}"},"query-input":{"@type":"PropertyValueSpecification","valueRequired":true,"valueName":"search_term_string"}}],"inLanguage":"es"},{"@type":"Organization","@id":"https:\/\/novomaticclub.com\/#organization","name":"Novomatic Club","alternateName":"NOVOMATIC Club - NOVOMATIC Club","url":"https:\/\/novomaticclub.com\/","logo":{"@type":"ImageObject","inLanguage":"es","@id":"https:\/\/novomaticclub.com\/#\/schema\/logo\/image\/","url":"https:\/\/novomaticclub.com\/wp-content\/uploads\/2022\/08\/Logo-Novoclub-new.svg","contentUrl":"https:\/\/novomaticclub.com\/wp-content\/uploads\/2022\/08\/Logo-Novoclub-new.svg","width":240,"height":74,"caption":"Novomatic Club"},"image":{"@id":"https:\/\/novomaticclub.com\/#\/schema\/logo\/image\/"},"sameAs":["https:\/\/www.facebook.com\/NOVOMATIC\/"]}]}},"_links":{"self":[{"href":"https:\/\/novomaticclub.com\/es\/wp-json\/wp\/v2\/pages\/1258","targetHints":{"allow":["GET"]}}],"collection":[{"href":"https:\/\/novomaticclub.com\/es\/wp-json\/wp\/v2\/pages"}],"about":[{"href":"https:\/\/novomaticclub.com\/es\/wp-json\/wp\/v2\/types\/page"}],"author":[{"embeddable":true,"href":"https:\/\/novomaticclub.com\/es\/wp-json\/wp\/v2\/users\/1"}],"replies":[{"embeddable":true,"href":"https:\/\/novomaticclub.com\/es\/wp-json\/wp\/v2\/comments?post=1258"}],"version-history":[{"count":0,"href":"https:\/\/novomaticclub.com\/es\/wp-json\/wp\/v2\/pages\/1258\/revisions"}],"up":[{"embeddable":true,"href":"https:\/\/novomaticclub.com\/es\/wp-json\/wp\/v2\/pages\/118"}],"wp:attachment":[{"href":"https:\/\/novomaticclub.com\/es\/wp-json\/wp\/v2\/media?parent=1258"}],"curies":[{"name":"wp","href":"https:\/\/api.w.org\/{rel}","templated":true}]}}