{"id":1251,"date":"2022-09-30T01:50:13","date_gmt":"2022-09-30T01:50:13","guid":{"rendered":"https:\/\/novomaticclub.com\/?page_id=1251"},"modified":"2023-04-14T04:27:31","modified_gmt":"2023-04-14T04:27:31","slug":"politica-de-privacidad","status":"publish","type":"page","link":"https:\/\/novomaticclub.com\/es\/politica-de-privacidad\/","title":{"rendered":"Pol\u00edtica de Privacidad"},"content":{"rendered":"\t\t<div data-elementor-type=\"wp-page\" data-elementor-id=\"1251\" class=\"elementor elementor-1251\" data-elementor-post-type=\"page\">\n\t\t\t\t\t\t<section class=\"elementor-section elementor-top-section elementor-element elementor-element-36506ccf elementor-section-height-min-height elementor-section-content-middle elementor-section-boxed elementor-section-height-default elementor-section-items-middle\" data-id=\"36506ccf\" data-element_type=\"section\" data-e-type=\"section\" data-settings=\"{&quot;background_background&quot;:&quot;classic&quot;,&quot;jet_parallax_layout_list&quot;:[],&quot;ekit_has_onepagescroll_dot&quot;:&quot;yes&quot;}\">\n\t\t\t\t\t\t<div class=\"elementor-container elementor-column-gap-no\">\n\t\t\t\t\t<div class=\"elementor-column elementor-col-100 elementor-top-column elementor-element elementor-element-70c2e666\" data-id=\"70c2e666\" data-element_type=\"column\" data-e-type=\"column\" data-settings=\"{&quot;background_background&quot;:&quot;classic&quot;}\">\n\t\t\t<div class=\"elementor-widget-wrap\">\n\t\t\t\t\t\t\t<\/div>\n\t\t<\/div>\n\t\t\t\t\t<\/div>\n\t\t<\/section>\n\t\t\t\t<section class=\"elementor-section elementor-top-section elementor-element elementor-element-a4fc9d2 elementor-section-boxed elementor-section-height-default elementor-section-height-default\" data-id=\"a4fc9d2\" data-element_type=\"section\" data-e-type=\"section\" data-settings=\"{&quot;jet_parallax_layout_list&quot;:[],&quot;ekit_has_onepagescroll_dot&quot;:&quot;yes&quot;}\">\n\t\t\t\t\t\t<div class=\"elementor-container elementor-column-gap-default\">\n\t\t\t\t\t<div class=\"elementor-column elementor-col-100 elementor-top-column elementor-element elementor-element-0960508\" data-id=\"0960508\" data-element_type=\"column\" data-e-type=\"column\">\n\t\t\t<div class=\"elementor-widget-wrap elementor-element-populated\">\n\t\t\t\t\t\t<div class=\"elementor-element elementor-element-c367755 elementor-widget elementor-widget-text-editor\" data-id=\"c367755\" data-element_type=\"widget\" data-e-type=\"widget\" data-settings=\"{&quot;ekit_we_effect_on&quot;:&quot;none&quot;}\" data-widget_type=\"text-editor.default\">\n\t\t\t\t\t\t\t\t\t<h1>Pol\u00edtica de Privacidad<\/h1><p>Novomatic Gaming Colombia SAS garantiza la protecci\u00f3n y confidencialidad de los datos personales, de cualquier tipo que nos proporcionen nuestros clientes, de acuerdo con lo dispuesto en el Reglamento General de Protecci\u00f3n de Datos de Car\u00e1cter Personal. Los datos facilitados ser\u00e1n tratados en los t\u00e9rminos establecidos en el RGPD, en ese sentido Novomatic Gaming Colombia SAS ha adoptado los niveles de protecci\u00f3n que legalmente se exigen en Colombia y ha instalado todas las medidas t\u00e9cnicas a su alcance para evitar la p\u00e9rdida, mal uso, alteraci\u00f3n y acceso no autorizado por terceros. No obstante, el usuario debe ser consciente de que las medidas de seguridad en Internet no son inexpugnables.<\/p><p><strong>Responsable del tratamiento<\/strong><\/p><p><b><br \/><\/b>Novomatic Gaming Colombia SAS<br \/>NIT: 830083714-7<br \/>Direcci\u00f3n: Autopista Norte # 122-35 oficina 102<br \/>Tel\u00e9fono: +57 2130388<br \/>Email:: jortiz@novomatic.com.co<\/p><p><b>Uso de la informaci\u00f3n :<\/b><\/p><p>Todos los datos facilitados por nuestros clientes y\/o visitantes en el sitio web\u00a0<a href=\"https:\/\/novomaticclub.com\/\">Novomaticclub<\/a>, ser\u00e1n incluidos en registro de actividades de tratamiento de datos de car\u00e1cter personal creado y mantenido bajo la responsabilidad de Novomatic Gaming Colombia SAS, imprescindibles para prestar los servicios solicitados por los usuarios, o para resolver las dudas o cuestiones planteadas por nuestros visitantes.\u00a0<\/p><p><strong>Destinatarios<\/strong><br \/>No cedemos sus datos personales a nadie, a excepci\u00f3n de aquellas entidades p\u00fablicas o privadas a las cuales estemos obligados a facilitar sus datos personales con motivo del cumplimiento de alguna ley. En el caso de que, al margen de los supuestos comentados, necesitemos dar a conocer su informaci\u00f3n personal a otras entidades, le solicitaremos previamente su permiso a trav\u00e9s de opciones claras que le permitir\u00e1n decidir a este respecto.<\/p><p><strong>Comunicaci\u00f3n<\/strong><br \/>No realizaremos transferencias internacionales de sus datos personales para ninguna de las finalidades indicadas.<\/p><p><strong>Conservaci\u00f3n<\/strong><br \/>Solo conservaremos sus datos personales durante el tiempo que resulte necesario para lograr los fines para los que fueron recabados. A la hora de determinar el oportuno periodo de conservaci\u00f3n, examinamos los riesgos que conlleva el tratamiento, as\u00ed como nuestras obligaciones contractuales, legales y normativas. En este sentido, Novomatic Gaming Colombia SAS conservar\u00e1 los datos personales una vez terminada su relaci\u00f3n con Ud., debidamente bloqueados, durante el plazo de prescripci\u00f3n de las acciones que pudieran derivarse de la relaci\u00f3n mantenida con el interesado.<\/p><p>Los datos bloqueados resultar\u00e1n inaccesibles para Novomatic Gaming Colombia SAS, y no ser\u00e1n tratados excepto para su puesta a disposici\u00f3n a las Administraciones p\u00fablicas, Jueces y Tribunales, para la atenci\u00f3n de las posibles responsabilidades nacidas de los tratamientos, as\u00ed como para el ejercicio y defensa de reclamaciones ante los entes regulatorios nacionales.<\/p><p><strong>Seguridad<\/strong><br \/>Empleamos todos los esfuerzos razonables para mantener la confidencialidad de la informaci\u00f3n personal que se trate en nuestros sistemas. Mantenemos estrictos niveles de seguridad para proteger los datos de car\u00e1cter personal que procesamos frente a p\u00e9rdidas fortuitas y a accesos, tratamientos o revelaciones no autorizados, habida cuenta del estado de la tecnolog\u00eda, la naturaleza y los riesgos a que est\u00e1n expuestos los datos. No obstante, no podemos responsabilizarnos del uso que Ud. haga de los datos (incluido usuario y contrase\u00f1a) que utilice en nuestra web. Nuestro personal sigue estrictas normas de privacidad y en el caso de que contratemos a terceros para prestar servicios de soporte, les exigimos que acaten las mismas normas y nos permitan auditarles para verificar su cumplimiento.<\/p><p><strong>Sus derechos<\/strong><br \/>Le informamos que podr\u00e1 ejercer los siguientes derechos:<\/p><ol type=\"a\"><li>Derecho de acceso a sus datos personales, para saber cu\u00e1les est\u00e1n siendo objeto de tratamiento y las operaciones de tratamiento llevadas a cabo con ellos.<\/li><li>Derecho de rectificaci\u00f3n de cualquier dato personal inexacto.<\/li><li>Derecho de supresi\u00f3n de sus datos personales, cuando esto sea posible.<\/li><li>Derecho de limitaci\u00f3n del tratamiento de sus datos personales cuando la exactitud, la legalidad o la necesidad del tratamiento de los datos resulte dudosa, en cuyo caso, podremos conservarlos para el ejercicio o la defensa de reclamaciones.<\/li><li>Derecho de oposici\u00f3n al tratamiento de sus datos personales y cuando la base legal lo permita Novomatic Gaming Colombia SAS dejar\u00e1 de tratar sus datos salvo que tenga un inter\u00e9s leg\u00edtimo o sea necesario para la defensa de reclamaciones.<\/li><li>Derecho a la portabilidad de sus datos, cuando la base legal que nos habilite para su tratamiento sea la existencia de una relaci\u00f3n contractual o su consentimiento.<\/li><li>Derecho a revocar el consentimiento otorgado a Novomatic Gaming Colombia SAS<\/li><\/ol><p>Para ejercitar sus derechos, puede hacerlo de manera gratuita y en cualquier momento contactando con nosotros en la direcci\u00f3n Autopista Norte # 122-35 oficina 102.<\/p><p><strong>Tutela de derechos<\/strong><br \/>En caso de que entienda que sus derechos han sido desatendidos por nuestra entidad, puede formular una reclamaci\u00f3n a los entes reguladores a nivel nacional..<\/p><p><strong>Actualizaciones<\/strong><br \/>Novomatic Gaming Colombia SAS se reserva el derecho a modificar la presente pol\u00edtica para adaptarla a novedades legislativas o jurisprudenciales de la ley colombiana y\u00a0 que puedan afectar el cumplimiento de la misma.<\/p>\t\t\t\t\t\t\t\t<\/div>\n\t\t\t\t\t<\/div>\n\t\t<\/div>\n\t\t\t\t\t<\/div>\n\t\t<\/section>\n\t\t\t\t<\/div>\n\t\t","protected":false},"excerpt":{"rendered":"<p>Pol\u00edtica de Privacidad Novomatic Gaming Colombia SAS garantiza la protecci\u00f3n y confidencialidad de los datos personales, de cualquier tipo que nos proporcionen nuestros clientes, de acuerdo con lo dispuesto en el Reglamento General de Protecci\u00f3n de Datos de Car\u00e1cter Personal. Los datos facilitados ser\u00e1n tratados en los t\u00e9rminos establecidos en el RGPD, en ese sentido [&hellip;]<\/p>\n","protected":false},"author":1,"featured_media":0,"parent":0,"menu_order":32,"comment_status":"closed","ping_status":"closed","template":"","meta":{"inline_featured_image":false,"_mi_skip_tracking":false,"_monsterinsights_sitenote_active":false,"_monsterinsights_sitenote_note":"","_monsterinsights_sitenote_category":0,"footnotes":""},"class_list":["post-1251","page","type-page","status-publish","hentry"],"yoast_head":"<!-- This site is optimized with the Yoast SEO Premium plugin v23.4 (Yoast SEO v27.3) - https:\/\/yoast.com\/product\/yoast-seo-premium-wordpress\/ -->\n<title>Pol\u00edtica de Privacidad - NOVOMATIC CLUB<\/title>\n<meta name=\"description\" content=\"Novomatic Gaming Colombia SAS garantiza la protecci\u00f3n y confidencialidad de los datos personales, de cualquier tipo que nos proporcionen nuestros clientes, de acuerdo con lo dispuesto en el Reglamento General de Protecci\u00f3n de Datos de Car\u00e1cter Personal.\" \/>\n<meta name=\"robots\" content=\"index, follow, max-snippet:-1, max-image-preview:large, max-video-preview:-1\" \/>\n<link rel=\"canonical\" href=\"https:\/\/novomaticclub.com\/es\/politica-de-privacidad\/\" \/>\n<meta property=\"og:locale\" content=\"es_ES\" \/>\n<meta property=\"og:type\" content=\"article\" \/>\n<meta property=\"og:title\" content=\"Pol\u00edtica de Privacidad\" \/>\n<meta property=\"og:description\" content=\"Novomatic Gaming Colombia SAS garantiza la protecci\u00f3n y confidencialidad de los datos personales, de cualquier tipo que nos proporcionen nuestros clientes, de acuerdo con lo dispuesto en el Reglamento General de Protecci\u00f3n de Datos de Car\u00e1cter Personal.\" \/>\n<meta property=\"og:url\" content=\"https:\/\/novomaticclub.com\/es\/politica-de-privacidad\/\" \/>\n<meta property=\"og:site_name\" content=\"NOVOMATIC CLUB\" \/>\n<meta property=\"article:publisher\" content=\"https:\/\/www.facebook.com\/NOVOMATIC\/\" \/>\n<meta property=\"article:modified_time\" content=\"2023-04-14T04:27:31+00:00\" \/>\n<meta name=\"twitter:card\" content=\"summary_large_image\" \/>\n<meta name=\"twitter:label1\" content=\"Tiempo de lectura\" \/>\n\t<meta name=\"twitter:data1\" content=\"4 minutos\" \/>\n<script type=\"application\/ld+json\" class=\"yoast-schema-graph\">{\"@context\":\"https:\\\/\\\/schema.org\",\"@graph\":[{\"@type\":\"WebPage\",\"@id\":\"https:\\\/\\\/novomaticclub.com\\\/es\\\/politica-de-privacidad\\\/\",\"url\":\"https:\\\/\\\/novomaticclub.com\\\/es\\\/politica-de-privacidad\\\/\",\"name\":\"Pol\u00edtica de Privacidad - NOVOMATIC CLUB\",\"isPartOf\":{\"@id\":\"https:\\\/\\\/novomaticclub.com\\\/#website\"},\"datePublished\":\"2022-09-30T01:50:13+00:00\",\"dateModified\":\"2023-04-14T04:27:31+00:00\",\"description\":\"Novomatic Gaming Colombia SAS garantiza la protecci\u00f3n y confidencialidad de los datos personales, de cualquier tipo que nos proporcionen nuestros clientes, de acuerdo con lo dispuesto en el Reglamento General de Protecci\u00f3n de Datos de Car\u00e1cter Personal.\",\"breadcrumb\":{\"@id\":\"https:\\\/\\\/novomaticclub.com\\\/es\\\/politica-de-privacidad\\\/#breadcrumb\"},\"inLanguage\":\"es\",\"potentialAction\":[{\"@type\":\"ReadAction\",\"target\":[\"https:\\\/\\\/novomaticclub.com\\\/es\\\/politica-de-privacidad\\\/\"]}]},{\"@type\":\"BreadcrumbList\",\"@id\":\"https:\\\/\\\/novomaticclub.com\\\/es\\\/politica-de-privacidad\\\/#breadcrumb\",\"itemListElement\":[{\"@type\":\"ListItem\",\"position\":1,\"name\":\"Inicio\",\"item\":\"https:\\\/\\\/novomaticclub.com\\\/es\\\/\"},{\"@type\":\"ListItem\",\"position\":2,\"name\":\"Pol\u00edtica de Privacidad\"}]},{\"@type\":\"WebSite\",\"@id\":\"https:\\\/\\\/novomaticclub.com\\\/#website\",\"url\":\"https:\\\/\\\/novomaticclub.com\\\/\",\"name\":\"NOVOMATIC CLUB\",\"description\":\"NOVOMATIC\",\"publisher\":{\"@id\":\"https:\\\/\\\/novomaticclub.com\\\/#organization\"},\"alternateName\":\"NOVOMATIC Club - NOVOMATIC Club\",\"potentialAction\":[{\"@type\":\"SearchAction\",\"target\":{\"@type\":\"EntryPoint\",\"urlTemplate\":\"https:\\\/\\\/novomaticclub.com\\\/?s={search_term_string}\"},\"query-input\":{\"@type\":\"PropertyValueSpecification\",\"valueRequired\":true,\"valueName\":\"search_term_string\"}}],\"inLanguage\":\"es\"},{\"@type\":\"Organization\",\"@id\":\"https:\\\/\\\/novomaticclub.com\\\/#organization\",\"name\":\"Novomatic Club\",\"alternateName\":\"NOVOMATIC Club - NOVOMATIC Club\",\"url\":\"https:\\\/\\\/novomaticclub.com\\\/\",\"logo\":{\"@type\":\"ImageObject\",\"inLanguage\":\"es\",\"@id\":\"https:\\\/\\\/novomaticclub.com\\\/#\\\/schema\\\/logo\\\/image\\\/\",\"url\":\"https:\\\/\\\/novomaticclub.com\\\/wp-content\\\/uploads\\\/2022\\\/08\\\/Logo-Novoclub-new.svg\",\"contentUrl\":\"https:\\\/\\\/novomaticclub.com\\\/wp-content\\\/uploads\\\/2022\\\/08\\\/Logo-Novoclub-new.svg\",\"width\":240,\"height\":74,\"caption\":\"Novomatic Club\"},\"image\":{\"@id\":\"https:\\\/\\\/novomaticclub.com\\\/#\\\/schema\\\/logo\\\/image\\\/\"},\"sameAs\":[\"https:\\\/\\\/www.facebook.com\\\/NOVOMATIC\\\/\"]}]}<\/script>\n<!-- \/ Yoast SEO Premium plugin. -->","yoast_head_json":{"title":"Pol\u00edtica de Privacidad - NOVOMATIC CLUB","description":"Novomatic Gaming Colombia SAS garantiza la protecci\u00f3n y confidencialidad de los datos personales, de cualquier tipo que nos proporcionen nuestros clientes, de acuerdo con lo dispuesto en el Reglamento General de Protecci\u00f3n de Datos de Car\u00e1cter Personal.","robots":{"index":"index","follow":"follow","max-snippet":"max-snippet:-1","max-image-preview":"max-image-preview:large","max-video-preview":"max-video-preview:-1"},"canonical":"https:\/\/novomaticclub.com\/es\/politica-de-privacidad\/","og_locale":"es_ES","og_type":"article","og_title":"Pol\u00edtica de Privacidad","og_description":"Novomatic Gaming Colombia SAS garantiza la protecci\u00f3n y confidencialidad de los datos personales, de cualquier tipo que nos proporcionen nuestros clientes, de acuerdo con lo dispuesto en el Reglamento General de Protecci\u00f3n de Datos de Car\u00e1cter Personal.","og_url":"https:\/\/novomaticclub.com\/es\/politica-de-privacidad\/","og_site_name":"NOVOMATIC CLUB","article_publisher":"https:\/\/www.facebook.com\/NOVOMATIC\/","article_modified_time":"2023-04-14T04:27:31+00:00","twitter_card":"summary_large_image","twitter_misc":{"Tiempo de lectura":"4 minutos"},"schema":{"@context":"https:\/\/schema.org","@graph":[{"@type":"WebPage","@id":"https:\/\/novomaticclub.com\/es\/politica-de-privacidad\/","url":"https:\/\/novomaticclub.com\/es\/politica-de-privacidad\/","name":"Pol\u00edtica de Privacidad - NOVOMATIC CLUB","isPartOf":{"@id":"https:\/\/novomaticclub.com\/#website"},"datePublished":"2022-09-30T01:50:13+00:00","dateModified":"2023-04-14T04:27:31+00:00","description":"Novomatic Gaming Colombia SAS garantiza la protecci\u00f3n y confidencialidad de los datos personales, de cualquier tipo que nos proporcionen nuestros clientes, de acuerdo con lo dispuesto en el Reglamento General de Protecci\u00f3n de Datos de Car\u00e1cter Personal.","breadcrumb":{"@id":"https:\/\/novomaticclub.com\/es\/politica-de-privacidad\/#breadcrumb"},"inLanguage":"es","potentialAction":[{"@type":"ReadAction","target":["https:\/\/novomaticclub.com\/es\/politica-de-privacidad\/"]}]},{"@type":"BreadcrumbList","@id":"https:\/\/novomaticclub.com\/es\/politica-de-privacidad\/#breadcrumb","itemListElement":[{"@type":"ListItem","position":1,"name":"Inicio","item":"https:\/\/novomaticclub.com\/es\/"},{"@type":"ListItem","position":2,"name":"Pol\u00edtica de Privacidad"}]},{"@type":"WebSite","@id":"https:\/\/novomaticclub.com\/#website","url":"https:\/\/novomaticclub.com\/","name":"NOVOMATIC CLUB","description":"NOVOMATIC","publisher":{"@id":"https:\/\/novomaticclub.com\/#organization"},"alternateName":"NOVOMATIC Club - NOVOMATIC Club","potentialAction":[{"@type":"SearchAction","target":{"@type":"EntryPoint","urlTemplate":"https:\/\/novomaticclub.com\/?s={search_term_string}"},"query-input":{"@type":"PropertyValueSpecification","valueRequired":true,"valueName":"search_term_string"}}],"inLanguage":"es"},{"@type":"Organization","@id":"https:\/\/novomaticclub.com\/#organization","name":"Novomatic Club","alternateName":"NOVOMATIC Club - NOVOMATIC Club","url":"https:\/\/novomaticclub.com\/","logo":{"@type":"ImageObject","inLanguage":"es","@id":"https:\/\/novomaticclub.com\/#\/schema\/logo\/image\/","url":"https:\/\/novomaticclub.com\/wp-content\/uploads\/2022\/08\/Logo-Novoclub-new.svg","contentUrl":"https:\/\/novomaticclub.com\/wp-content\/uploads\/2022\/08\/Logo-Novoclub-new.svg","width":240,"height":74,"caption":"Novomatic Club"},"image":{"@id":"https:\/\/novomaticclub.com\/#\/schema\/logo\/image\/"},"sameAs":["https:\/\/www.facebook.com\/NOVOMATIC\/"]}]}},"_links":{"self":[{"href":"https:\/\/novomaticclub.com\/es\/wp-json\/wp\/v2\/pages\/1251","targetHints":{"allow":["GET"]}}],"collection":[{"href":"https:\/\/novomaticclub.com\/es\/wp-json\/wp\/v2\/pages"}],"about":[{"href":"https:\/\/novomaticclub.com\/es\/wp-json\/wp\/v2\/types\/page"}],"author":[{"embeddable":true,"href":"https:\/\/novomaticclub.com\/es\/wp-json\/wp\/v2\/users\/1"}],"replies":[{"embeddable":true,"href":"https:\/\/novomaticclub.com\/es\/wp-json\/wp\/v2\/comments?post=1251"}],"version-history":[{"count":0,"href":"https:\/\/novomaticclub.com\/es\/wp-json\/wp\/v2\/pages\/1251\/revisions"}],"wp:attachment":[{"href":"https:\/\/novomaticclub.com\/es\/wp-json\/wp\/v2\/media?parent=1251"}],"curies":[{"name":"wp","href":"https:\/\/api.w.org\/{rel}","templated":true}]}}